{"id":4659,"date":"2025-11-11T17:58:41","date_gmt":"2025-11-11T20:58:41","guid":{"rendered":"https:\/\/www.dircealves.com.br\/ljda\/?post_type=product&#038;p=4659"},"modified":"2025-11-11T18:04:20","modified_gmt":"2025-11-11T21:04:20","slug":"almanaque-de-astrologia-dirce-alves-2026-ano-de-marte","status":"publish","type":"product","link":"https:\/\/www.dircealves.com.br\/ljda\/produto\/almanaque-de-astrologia-dirce-alves-2026-ano-de-marte\/","title":{"rendered":"Almanaque de astrologia Dirce Alves  &#8211; 2026 &#8211; Ano de Marte"},"content":{"rendered":"<p>Um dos mais completos almanaques de astrologia do pa\u00eds o <strong>Almanaque de Astrologia Dirce Alves 2026<\/strong> traz muita informa\u00e7\u00e3o e a previs\u00e3o dos astros para seu signo. Os dias negativos do ano (alerta), as previs\u00f5es para todos os signos, como a pessoa poder\u00e1 se proteger dos problemas e dificuldades do dia a dia. As caracter\u00edsticas e as previs\u00f5es para cada signo. Mat\u00e9rias especiais sobre astrologia. As posi\u00e7\u00f5es astrais para 2026. Sua idade e as casas astrais. Astrologia para crian\u00e7as. Ora\u00e7\u00f5es Sagradas e muitas informa\u00e7\u00f5es \u00fateis para o seu ano astrol\u00f3gico de 2026, que ser\u00e1 regido por <strong>MARTE<\/strong>.<\/p>\n","protected":false},"excerpt":{"rendered":"<p>Um dos mais completos almanaques de astrologia do pa\u00eds o Almanaque de Astrologia Dirce Alves 2026 traz muita informa\u00e7\u00e3o e a previs\u00e3o dos astros para seu signo. Os dias negativos do ano (alerta), as previs\u00f5es para todos os signos, como a pessoa poder\u00e1 se proteger dos problemas e dificuldades do dia a dia. As caracter\u00edsticas [&hellip;]<\/p>\n","protected":false},"featured_media":4660,"comment_status":"open","ping_status":"closed","template":"","meta":{"site-sidebar-layout":"default","site-content-layout":"default","ast-site-content-layout":"default","site-content-style":"default","site-sidebar-style":"default","ast-global-header-display":"","ast-banner-title-visibility":"","ast-main-header-display":"","ast-hfb-above-header-display":"","ast-hfb-below-header-display":"","ast-hfb-mobile-header-display":"","site-post-title":"","ast-breadcrumbs-content":"","ast-featured-img":"","footer-sml-layout":"","ast-disable-related-posts":"","theme-transparent-header-meta":"default","adv-header-id-meta":"","stick-header-meta":"","header-above-stick-meta":"","header-main-stick-meta":"","header-below-stick-meta":"","astra-migrate-meta-layouts":"set","ast-page-background-enabled":"default","ast-page-background-meta":{"desktop":{"background-color":"","background-image":"","background-repeat":"repeat","background-position":"center center","background-size":"auto","background-attachment":"scroll","background-type":"","background-media":"","overlay-type":"","overlay-color":"","overlay-opacity":"","overlay-gradient":""},"tablet":{"background-color":"","background-image":"","background-repeat":"repeat","background-position":"center center","background-size":"auto","background-attachment":"scroll","background-type":"","background-media":"","overlay-type":"","overlay-color":"","overlay-opacity":"","overlay-gradient":""},"mobile":{"background-color":"","background-image":"","background-repeat":"repeat","background-position":"center center","background-size":"auto","background-attachment":"scroll","background-type":"","background-media":"","overlay-type":"","overlay-color":"","overlay-opacity":"","overlay-gradient":""}},"ast-content-background-meta":{"desktop":{"background-color":"var(--ast-global-color-5)","background-image":"","background-repeat":"repeat","background-position":"center center","background-size":"auto","background-attachment":"scroll","background-type":"","background-media":"","overlay-type":"","overlay-color":"","overlay-opacity":"","overlay-gradient":""},"tablet":{"background-color":"var(--ast-global-color-5)","background-image":"","background-repeat":"repeat","background-position":"center center","background-size":"auto","background-attachment":"scroll","background-type":"","background-media":"","overlay-type":"","overlay-color":"","overlay-opacity":"","overlay-gradient":""},"mobile":{"background-color":"var(--ast-global-color-5)","background-image":"","background-repeat":"repeat","background-position":"center center","background-size":"auto","background-attachment":"scroll","background-type":"","background-media":"","overlay-type":"","overlay-color":"","overlay-opacity":"","overlay-gradient":""}}},"product_brand":[],"product_cat":[16],"product_tag":[],"class_list":{"0":"post-4659","1":"product","2":"type-product","3":"status-publish","4":"has-post-thumbnail","6":"product_cat-livros","7":"desktop-align-center","8":"tablet-align-center","9":"mobile-align-center","11":"first","12":"instock","13":"featured","14":"shipping-taxable","15":"purchasable","16":"product-type-simple"},"_links":{"self":[{"href":"https:\/\/www.dircealves.com.br\/ljda\/wp-json\/wp\/v2\/product\/4659","targetHints":{"allow":["GET"]}}],"collection":[{"href":"https:\/\/www.dircealves.com.br\/ljda\/wp-json\/wp\/v2\/product"}],"about":[{"href":"https:\/\/www.dircealves.com.br\/ljda\/wp-json\/wp\/v2\/types\/product"}],"replies":[{"embeddable":true,"href":"https:\/\/www.dircealves.com.br\/ljda\/wp-json\/wp\/v2\/comments?post=4659"}],"wp:featuredmedia":[{"embeddable":true,"href":"https:\/\/www.dircealves.com.br\/ljda\/wp-json\/wp\/v2\/media\/4660"}],"wp:attachment":[{"href":"https:\/\/www.dircealves.com.br\/ljda\/wp-json\/wp\/v2\/media?parent=4659"}],"wp:term":[{"taxonomy":"product_brand","embeddable":true,"href":"https:\/\/www.dircealves.com.br\/ljda\/wp-json\/wp\/v2\/product_brand?post=4659"},{"taxonomy":"product_cat","embeddable":true,"href":"https:\/\/www.dircealves.com.br\/ljda\/wp-json\/wp\/v2\/product_cat?post=4659"},{"taxonomy":"product_tag","embeddable":true,"href":"https:\/\/www.dircealves.com.br\/ljda\/wp-json\/wp\/v2\/product_tag?post=4659"}],"curies":[{"name":"wp","href":"https:\/\/api.w.org\/{rel}","templated":true}]}}