{"id":4657,"date":"2025-11-11T17:53:08","date_gmt":"2025-11-11T20:53:08","guid":{"rendered":"https:\/\/www.dircealves.com.br\/ljda\/?post_type=product&#038;p=4657"},"modified":"2025-11-11T18:03:14","modified_gmt":"2025-11-11T21:03:14","slug":"almanaque-de-astrologia-dirce-alves-2026-em-pdf-copia","status":"publish","type":"product","link":"https:\/\/www.dircealves.com.br\/ljda\/produto\/almanaque-de-astrologia-dirce-alves-2026-em-pdf-copia\/","title":{"rendered":"Almanaque de Astrologia Dirce Alves 2026 em &#8211; PDF"},"content":{"rendered":"<p><strong>ALMANAQUE DE ASTROLOGIA DIRCE ALVES\u00a0 2026 &#8211; ONLINE &#8211; RECEBE SEU LIVRO EM PDF &#8211;\u00a0 SEM FRETE!<\/strong><\/p>\n<p>Um dos mais completos almanaques de astrologia do pa\u00eds o <span style=\"color: #ff0000;\"><strong>Almanaque de Astrologia Dirce Alves 2026<\/strong><\/span> traz muita informa\u00e7\u00e3o e a previs\u00e3o dos astros para seu signo. Os dias negativos do ano (<strong>alerta<\/strong>), as previs\u00f5es para todos os signos, como a pessoa poder\u00e1 se proteger dos problemas e dificuldades do dia a dia. As caracter\u00edsticas e as previs\u00f5es para cada signo. Mat\u00e9rias especiais sobre astrologia. As posi\u00e7\u00f5es astrais para 2026. Sua idade e as casas astrais. Astrologia para crian\u00e7as. <strong>Ora\u00e7\u00f5es Sagradas<\/strong> e muitas informa\u00e7\u00f5es \u00fateis para o seu ano astrol\u00f3gico de 2026, que ser\u00e1 regido por <strong>MARTE<\/strong>.<\/p>\n<p><strong>Agora ficou mais f\u00e1cil, r\u00e1pido e seguro realizar sua compras do produtos Dirce Alves! Todo o processo de pagamento \u00e9 realizado pelo\u00a0 PAGSEGURO que aceita v\u00e1rios cart\u00f5es.<\/strong><\/p>\n<p><span style=\"color: #ff0000;\"><strong>Voc\u00ea receber\u00e1 ap\u00f3s a confirma\u00e7\u00e3o do pagamento este produto em seu e-mail!<\/strong><\/span><\/p>\n<p>Pe\u00e7a j\u00e1 o seu!!<\/p>\n","protected":false},"excerpt":{"rendered":"<p><strong>ALMANAQUE DE ASTROLOGIA DIRCE ALVES\u00a0 2026 &#8211; ONLINE &#8211; RECEBE SEU LIVRO EM PDF &#8211;\u00a0 SEM FRETE!<\/strong><\/p>\n","protected":false},"featured_media":4658,"comment_status":"open","ping_status":"closed","template":"","meta":{"site-sidebar-layout":"default","site-content-layout":"default","ast-site-content-layout":"default","site-content-style":"default","site-sidebar-style":"default","ast-global-header-display":"","ast-banner-title-visibility":"","ast-main-header-display":"","ast-hfb-above-header-display":"","ast-hfb-below-header-display":"","ast-hfb-mobile-header-display":"","site-post-title":"","ast-breadcrumbs-content":"","ast-featured-img":"","footer-sml-layout":"","ast-disable-related-posts":"","theme-transparent-header-meta":"default","adv-header-id-meta":"","stick-header-meta":"","header-above-stick-meta":"","header-main-stick-meta":"","header-below-stick-meta":"","astra-migrate-meta-layouts":"set","ast-page-background-enabled":"default","ast-page-background-meta":{"desktop":{"background-color":"","background-image":"","background-repeat":"repeat","background-position":"center center","background-size":"auto","background-attachment":"scroll","background-type":"","background-media":"","overlay-type":"","overlay-color":"","overlay-opacity":"","overlay-gradient":""},"tablet":{"background-color":"","background-image":"","background-repeat":"repeat","background-position":"center center","background-size":"auto","background-attachment":"scroll","background-type":"","background-media":"","overlay-type":"","overlay-color":"","overlay-opacity":"","overlay-gradient":""},"mobile":{"background-color":"","background-image":"","background-repeat":"repeat","background-position":"center center","background-size":"auto","background-attachment":"scroll","background-type":"","background-media":"","overlay-type":"","overlay-color":"","overlay-opacity":"","overlay-gradient":""}},"ast-content-background-meta":{"desktop":{"background-color":"var(--ast-global-color-5)","background-image":"","background-repeat":"repeat","background-position":"center center","background-size":"auto","background-attachment":"scroll","background-type":"","background-media":"","overlay-type":"","overlay-color":"","overlay-opacity":"","overlay-gradient":""},"tablet":{"background-color":"var(--ast-global-color-5)","background-image":"","background-repeat":"repeat","background-position":"center center","background-size":"auto","background-attachment":"scroll","background-type":"","background-media":"","overlay-type":"","overlay-color":"","overlay-opacity":"","overlay-gradient":""},"mobile":{"background-color":"var(--ast-global-color-5)","background-image":"","background-repeat":"repeat","background-position":"center center","background-size":"auto","background-attachment":"scroll","background-type":"","background-media":"","overlay-type":"","overlay-color":"","overlay-opacity":"","overlay-gradient":""}}},"product_brand":[],"product_cat":[16],"product_tag":[],"class_list":{"0":"post-4657","1":"product","2":"type-product","3":"status-publish","4":"has-post-thumbnail","6":"product_cat-livros","7":"desktop-align-center","8":"tablet-align-center","9":"mobile-align-center","11":"first","12":"instock","13":"featured","14":"virtual","15":"purchasable","16":"product-type-simple"},"_links":{"self":[{"href":"https:\/\/www.dircealves.com.br\/ljda\/wp-json\/wp\/v2\/product\/4657","targetHints":{"allow":["GET"]}}],"collection":[{"href":"https:\/\/www.dircealves.com.br\/ljda\/wp-json\/wp\/v2\/product"}],"about":[{"href":"https:\/\/www.dircealves.com.br\/ljda\/wp-json\/wp\/v2\/types\/product"}],"replies":[{"embeddable":true,"href":"https:\/\/www.dircealves.com.br\/ljda\/wp-json\/wp\/v2\/comments?post=4657"}],"wp:featuredmedia":[{"embeddable":true,"href":"https:\/\/www.dircealves.com.br\/ljda\/wp-json\/wp\/v2\/media\/4658"}],"wp:attachment":[{"href":"https:\/\/www.dircealves.com.br\/ljda\/wp-json\/wp\/v2\/media?parent=4657"}],"wp:term":[{"taxonomy":"product_brand","embeddable":true,"href":"https:\/\/www.dircealves.com.br\/ljda\/wp-json\/wp\/v2\/product_brand?post=4657"},{"taxonomy":"product_cat","embeddable":true,"href":"https:\/\/www.dircealves.com.br\/ljda\/wp-json\/wp\/v2\/product_cat?post=4657"},{"taxonomy":"product_tag","embeddable":true,"href":"https:\/\/www.dircealves.com.br\/ljda\/wp-json\/wp\/v2\/product_tag?post=4657"}],"curies":[{"name":"wp","href":"https:\/\/api.w.org\/{rel}","templated":true}]}}