{"id":4425,"date":"2024-04-20T17:59:28","date_gmt":"2024-04-20T20:59:28","guid":{"rendered":"http:\/\/www.dircealves.com.br\/ljda\/?post_type=product&#038;p=4425"},"modified":"2024-11-14T16:55:41","modified_gmt":"2024-11-14T19:55:41","slug":"chaveiro-olho-grego-pingente-de-coracao-e-pimenta","status":"publish","type":"product","link":"https:\/\/www.dircealves.com.br\/ljda\/produto\/chaveiro-olho-grego-pingente-de-coracao-e-pimenta\/","title":{"rendered":"Chaveiro olho grego pingente de Cora\u00e7\u00e3o e pimenta"},"content":{"rendered":"<p><a name=\"__DdeLink__1164_1673156346\"><\/a><a name=\"__DdeLink__1167_1673156346\"><\/a> <b>Usado especificamente para espantar a inveja e o mau-olhado, o olho grego para a porta \u00e9 tamb\u00e9m conhecido como um s\u00edmbolo capaz de atrair a sorte para o lar<\/b>.<\/p>\n<p>O\u00a0<strong>olho grego<\/strong>\u00a0\u00e9 um talism\u00e3 que, segundo os crentes,\u00a0<strong>afasta a inveja e o mau-olhado<\/strong>. Ele tamb\u00e9m \u00e9 conhecido como um\u00a0<strong>s\u00edmbolo da sorte<\/strong>\u00a0e, para quem acredita, funciona contra energias negativas. O olho grego \u00e9 frequentemente utilizado como\u00a0<strong>pingente em pulseiras, correntes e at\u00e9 tatuagens<\/strong>.<\/p>\n<p>Acredita-se que o olho grego tenha o poder de\u00a0<strong>absorver energias negativas<\/strong>\u00a0e proteger a pessoa da inveja. Geralmente, o olho grego \u00e9 feito de vidro e tem a cor azul, pois se acredita que o mau-olhado tenha essa cor, tornando o talism\u00e3 mais eficiente em n\u00e3o atra\u00ed-lo. Al\u00e9m disso, o olho grego tamb\u00e9m pode simbolizar o\u00a0<strong>olhar de Deus<\/strong>, que ilumina e protege as pessoas, transmitindo uma sensa\u00e7\u00e3o de paz.<\/p>\n<p>O uso do olho grego na porta \u00e9 comum, pois acredita-se que ele pode\u00a0<strong>afastar as energias negativas e proteger o lar e seus habitantes<\/strong>.\u00a0<a href=\"https:\/\/www.significados.com.br\/olho-grego\/\" target=\"_blank\" rel=\"noopener\">Quando colocado na porta, o olho grego \u00e9 considerado um\u00a0<strong>amuleto de prote\u00e7\u00e3o<\/strong>, impedindo que pessoas invejosas ou com m\u00e1s inten\u00e7\u00f5es entrem no espa\u00e7o<\/a><a href=\"https:\/\/www.significados.com.br\/olho-grego\/\" target=\"_blank\" rel=\"noopener\">1<\/a><a href=\"https:\/\/fablablivresp.art.br\/olho-grego\/olho-grego-para-porta\/\" target=\"_blank\" rel=\"noopener\">2<\/a>.<\/p>\n<p>Em pa\u00edses \u00e1rabes, como Ir\u00e3 e Arm\u00eania, o olho grego tamb\u00e9m \u00e9 conhecido como\u00a0<strong>olho turco<\/strong>\u00a0ou\u00a0<strong>nazar<\/strong>, e \u00e9 usado com o mesmo prop\u00f3sito. \u00c9 comum ver o olho turco pendurado em portas e espelhos retrovisores de carros.\u00a0<a href=\"https:\/\/www.significados.com.br\/olho-grego\/\" target=\"_blank\" rel=\"noopener\">Algumas m\u00e3es at\u00e9 colocam esse amuleto na roupa dos beb\u00eas, e se ele aparecer rachado, significa que protegeu a crian\u00e7a do mau-olhado e deve ser substitu\u00eddo<\/a><a href=\"https:\/\/www.significados.com.br\/olho-grego\/\" target=\"_blank\" rel=\"noopener\">1<\/a>.<\/p>\n<p>No Antigo Egito e na \u00cdndia, o\u00a0<strong>Olho de H\u00f3rus<\/strong>\u00a0e o\u00a0<strong>Terceiro Olho do Buda<\/strong>\u00a0tamb\u00e9m representavam objetos com a mesma fun\u00e7\u00e3o protetora que o olho grego ou turco.\u00a0<a href=\"https:\/\/www.soprata.com.br\/blogs\/blog\/olho-grego-significado\" target=\"_blank\" rel=\"noopener\">Por vezes, o amuleto do olho grego \u00e9 usado em conjunto com o amuleto vermelho em formato de pimenta, que \u00e9 usado por pessoas para afastar maus esp\u00edritos<\/a><a href=\"https:\/\/www.soprata.com.br\/blogs\/blog\/olho-grego-significado\" target=\"_blank\" rel=\"noopener\">3<\/a>.<\/p>\n","protected":false},"excerpt":{"rendered":"<p>Usado especificamente para espantar a inveja e o mau-olhado, o olho grego para a porta \u00e9 tamb\u00e9m conhecido como um s\u00edmbolo capaz de atrair a sorte para o lar. O\u00a0olho grego\u00a0\u00e9 um talism\u00e3 que, segundo os crentes,\u00a0afasta a inveja e o mau-olhado. Ele tamb\u00e9m \u00e9 conhecido como um\u00a0s\u00edmbolo da sorte\u00a0e, para quem acredita, funciona contra [&hellip;]<\/p>\n","protected":false},"featured_media":4421,"comment_status":"open","ping_status":"closed","template":"","meta":{"site-sidebar-layout":"default","site-content-layout":"","ast-site-content-layout":"default","site-content-style":"default","site-sidebar-style":"default","ast-global-header-display":"","ast-banner-title-visibility":"","ast-main-header-display":"","ast-hfb-above-header-display":"","ast-hfb-below-header-display":"","ast-hfb-mobile-header-display":"","site-post-title":"","ast-breadcrumbs-content":"","ast-featured-img":"","footer-sml-layout":"","ast-disable-related-posts":"","theme-transparent-header-meta":"default","adv-header-id-meta":"","stick-header-meta":"","header-above-stick-meta":"","header-main-stick-meta":"","header-below-stick-meta":"","astra-migrate-meta-layouts":"set","ast-page-background-enabled":"default","ast-page-background-meta":{"desktop":{"background-color":"","background-image":"","background-repeat":"repeat","background-position":"center center","background-size":"auto","background-attachment":"scroll","background-type":"","background-media":"","overlay-type":"","overlay-color":"","overlay-opacity":"","overlay-gradient":""},"tablet":{"background-color":"","background-image":"","background-repeat":"repeat","background-position":"center center","background-size":"auto","background-attachment":"scroll","background-type":"","background-media":"","overlay-type":"","overlay-color":"","overlay-opacity":"","overlay-gradient":""},"mobile":{"background-color":"","background-image":"","background-repeat":"repeat","background-position":"center center","background-size":"auto","background-attachment":"scroll","background-type":"","background-media":"","overlay-type":"","overlay-color":"","overlay-opacity":"","overlay-gradient":""}},"ast-content-background-meta":{"desktop":{"background-color":"var(--ast-global-color-5)","background-image":"","background-repeat":"repeat","background-position":"center center","background-size":"auto","background-attachment":"scroll","background-type":"","background-media":"","overlay-type":"","overlay-color":"","overlay-opacity":"","overlay-gradient":""},"tablet":{"background-color":"var(--ast-global-color-5)","background-image":"","background-repeat":"repeat","background-position":"center center","background-size":"auto","background-attachment":"scroll","background-type":"","background-media":"","overlay-type":"","overlay-color":"","overlay-opacity":"","overlay-gradient":""},"mobile":{"background-color":"var(--ast-global-color-5)","background-image":"","background-repeat":"repeat","background-position":"center center","background-size":"auto","background-attachment":"scroll","background-type":"","background-media":"","overlay-type":"","overlay-color":"","overlay-opacity":"","overlay-gradient":""}}},"product_brand":[],"product_cat":[56],"product_tag":[],"class_list":{"0":"post-4425","1":"product","2":"type-product","3":"status-publish","4":"has-post-thumbnail","6":"product_cat-amuletos-e-joias","7":"desktop-align-center","8":"tablet-align-center","9":"mobile-align-center","11":"first","12":"instock","13":"shipping-taxable","14":"purchasable","15":"product-type-simple"},"_links":{"self":[{"href":"https:\/\/www.dircealves.com.br\/ljda\/wp-json\/wp\/v2\/product\/4425","targetHints":{"allow":["GET"]}}],"collection":[{"href":"https:\/\/www.dircealves.com.br\/ljda\/wp-json\/wp\/v2\/product"}],"about":[{"href":"https:\/\/www.dircealves.com.br\/ljda\/wp-json\/wp\/v2\/types\/product"}],"replies":[{"embeddable":true,"href":"https:\/\/www.dircealves.com.br\/ljda\/wp-json\/wp\/v2\/comments?post=4425"}],"wp:featuredmedia":[{"embeddable":true,"href":"https:\/\/www.dircealves.com.br\/ljda\/wp-json\/wp\/v2\/media\/4421"}],"wp:attachment":[{"href":"https:\/\/www.dircealves.com.br\/ljda\/wp-json\/wp\/v2\/media?parent=4425"}],"wp:term":[{"taxonomy":"product_brand","embeddable":true,"href":"https:\/\/www.dircealves.com.br\/ljda\/wp-json\/wp\/v2\/product_brand?post=4425"},{"taxonomy":"product_cat","embeddable":true,"href":"https:\/\/www.dircealves.com.br\/ljda\/wp-json\/wp\/v2\/product_cat?post=4425"},{"taxonomy":"product_tag","embeddable":true,"href":"https:\/\/www.dircealves.com.br\/ljda\/wp-json\/wp\/v2\/product_tag?post=4425"}],"curies":[{"name":"wp","href":"https:\/\/api.w.org\/{rel}","templated":true}]}}