{"id":4366,"date":"2024-01-13T19:42:53","date_gmt":"2024-01-13T22:42:53","guid":{"rendered":"http:\/\/www.dircealves.com.br\/ljda\/?post_type=product&#038;p=4366"},"modified":"2024-11-21T02:51:04","modified_gmt":"2024-11-21T05:51:04","slug":"colar-hamsa-30mm","status":"publish","type":"product","link":"https:\/\/www.dircealves.com.br\/ljda\/produto\/colar-hamsa-30mm\/","title":{"rendered":"Colar Hamsa 30mm"},"content":{"rendered":"<div class=\"reset-default\">\n<p><strong>Gargantilha Hams\u00e1<\/strong><\/p>\n<p>&nbsp;<\/p>\n<p>Amuleto contra o mau-olhado e prote\u00e7\u00e3o. Representa a m\u00e3o direita e \u00e9 conhecida como m\u00e3o de Deus, m\u00e3o de F\u00e1tima (filha de Maom\u00e9), m\u00e3o de Miriam (irm\u00e3 de Mois\u00e9s) ou Abhaya Mudra.<\/p>\n<hr \/>\n<p><strong>Informa\u00e7\u00f5es sobre o Pingente:<\/strong><br \/>\n\u2022 30 x 22 mm<br \/>\n\u2022 Composi\u00e7\u00e3o: lat\u00e3o<br \/>\n\u2022 Banhado em metal nobre hipoalerg\u00eanico: R\u00f3dio ou Ouro<\/p>\n<p><strong>Op\u00e7\u00f5es de Finaliza\u00e7\u00e3o:<\/strong><br \/>\n\u2022 Corrente nos tamanhos 45cm ou 60cm banhadas em metal nobre hipoalerg\u00eanico: R\u00f3dio ou Ouro. Material: lat\u00e3o<br \/>\n\u2022 Cord\u00e3o de camur\u00e7a com fecho banhado em metal nobre hipoalerg\u00eanico: R\u00f3dio ou Ouro<\/p>\n<p><strong>Cuidados:<\/strong> Produtos qu\u00edmicos podem reagir com as pe\u00e7as e alter\u00e1-las. Guarde-a em local apropriado; n\u00e3o deixe sobre a pia; n\u00e3o use para ir \u00e0 academia, praia, piscina e similares; n\u00e3o aplique perfumes, cremes, sabonetes e similares. O Cristal \u00e9 uma pe\u00e7a fr\u00e1gil, guarde-o em local seguro e com superf\u00edcie forrada, afim de n\u00e3o lascar ou danificar o efeito.<\/p>\n<p>A cor real do produto pode ter diferen\u00e7as em rela\u00e7\u00e3o \u00e0 foto.<\/p>\n<\/div>\n","protected":false},"excerpt":{"rendered":"<p>Gargantilha Hams\u00e1 &nbsp; Amuleto contra o mau-olhado e prote\u00e7\u00e3o. Representa a m\u00e3o direita e \u00e9 conhecida como m\u00e3o de Deus, m\u00e3o de F\u00e1tima (filha de Maom\u00e9), m\u00e3o de Miriam (irm\u00e3 de Mois\u00e9s) ou Abhaya Mudra. Informa\u00e7\u00f5es sobre o Pingente: \u2022 30 x 22 mm \u2022 Composi\u00e7\u00e3o: lat\u00e3o \u2022 Banhado em metal nobre hipoalerg\u00eanico: R\u00f3dio ou [&hellip;]<\/p>\n","protected":false},"featured_media":4368,"comment_status":"open","ping_status":"closed","template":"","meta":{"site-sidebar-layout":"default","site-content-layout":"","ast-site-content-layout":"default","site-content-style":"default","site-sidebar-style":"default","ast-global-header-display":"","ast-banner-title-visibility":"","ast-main-header-display":"","ast-hfb-above-header-display":"","ast-hfb-below-header-display":"","ast-hfb-mobile-header-display":"","site-post-title":"","ast-breadcrumbs-content":"","ast-featured-img":"","footer-sml-layout":"","ast-disable-related-posts":"","theme-transparent-header-meta":"default","adv-header-id-meta":"","stick-header-meta":"","header-above-stick-meta":"","header-main-stick-meta":"","header-below-stick-meta":"","astra-migrate-meta-layouts":"set","ast-page-background-enabled":"default","ast-page-background-meta":{"desktop":{"background-color":"","background-image":"","background-repeat":"repeat","background-position":"center center","background-size":"auto","background-attachment":"scroll","background-type":"","background-media":"","overlay-type":"","overlay-color":"","overlay-opacity":"","overlay-gradient":""},"tablet":{"background-color":"","background-image":"","background-repeat":"repeat","background-position":"center center","background-size":"auto","background-attachment":"scroll","background-type":"","background-media":"","overlay-type":"","overlay-color":"","overlay-opacity":"","overlay-gradient":""},"mobile":{"background-color":"","background-image":"","background-repeat":"repeat","background-position":"center center","background-size":"auto","background-attachment":"scroll","background-type":"","background-media":"","overlay-type":"","overlay-color":"","overlay-opacity":"","overlay-gradient":""}},"ast-content-background-meta":{"desktop":{"background-color":"var(--ast-global-color-5)","background-image":"","background-repeat":"repeat","background-position":"center center","background-size":"auto","background-attachment":"scroll","background-type":"","background-media":"","overlay-type":"","overlay-color":"","overlay-opacity":"","overlay-gradient":""},"tablet":{"background-color":"var(--ast-global-color-5)","background-image":"","background-repeat":"repeat","background-position":"center center","background-size":"auto","background-attachment":"scroll","background-type":"","background-media":"","overlay-type":"","overlay-color":"","overlay-opacity":"","overlay-gradient":""},"mobile":{"background-color":"var(--ast-global-color-5)","background-image":"","background-repeat":"repeat","background-position":"center center","background-size":"auto","background-attachment":"scroll","background-type":"","background-media":"","overlay-type":"","overlay-color":"","overlay-opacity":"","overlay-gradient":""}}},"product_brand":[],"product_cat":[56],"product_tag":[],"class_list":{"0":"post-4366","1":"product","2":"type-product","3":"status-publish","4":"has-post-thumbnail","6":"product_cat-amuletos-e-joias","7":"desktop-align-center","8":"tablet-align-center","9":"mobile-align-center","11":"first","12":"instock","13":"shipping-taxable","14":"purchasable","15":"product-type-simple"},"_links":{"self":[{"href":"https:\/\/www.dircealves.com.br\/ljda\/wp-json\/wp\/v2\/product\/4366","targetHints":{"allow":["GET"]}}],"collection":[{"href":"https:\/\/www.dircealves.com.br\/ljda\/wp-json\/wp\/v2\/product"}],"about":[{"href":"https:\/\/www.dircealves.com.br\/ljda\/wp-json\/wp\/v2\/types\/product"}],"replies":[{"embeddable":true,"href":"https:\/\/www.dircealves.com.br\/ljda\/wp-json\/wp\/v2\/comments?post=4366"}],"wp:featuredmedia":[{"embeddable":true,"href":"https:\/\/www.dircealves.com.br\/ljda\/wp-json\/wp\/v2\/media\/4368"}],"wp:attachment":[{"href":"https:\/\/www.dircealves.com.br\/ljda\/wp-json\/wp\/v2\/media?parent=4366"}],"wp:term":[{"taxonomy":"product_brand","embeddable":true,"href":"https:\/\/www.dircealves.com.br\/ljda\/wp-json\/wp\/v2\/product_brand?post=4366"},{"taxonomy":"product_cat","embeddable":true,"href":"https:\/\/www.dircealves.com.br\/ljda\/wp-json\/wp\/v2\/product_cat?post=4366"},{"taxonomy":"product_tag","embeddable":true,"href":"https:\/\/www.dircealves.com.br\/ljda\/wp-json\/wp\/v2\/product_tag?post=4366"}],"curies":[{"name":"wp","href":"https:\/\/api.w.org\/{rel}","templated":true}]}}