{"id":4361,"date":"2024-01-13T18:55:52","date_gmt":"2024-01-13T21:55:52","guid":{"rendered":"http:\/\/www.dircealves.com.br\/ljda\/?post_type=product&#038;p=4361"},"modified":"2024-11-22T13:03:13","modified_gmt":"2024-11-22T16:03:13","slug":"colar-signo-gemeos-12-mm","status":"publish","type":"product","link":"https:\/\/www.dircealves.com.br\/ljda\/produto\/colar-signo-gemeos-12-mm\/","title":{"rendered":"Colar Signo G\u00eameos 12 mm"},"content":{"rendered":"<p><strong>Caracter\u00edsticas deste signo:<\/strong><\/p>\n<p>Nascidos entre 21\/05 a 20\/06, geminianos s\u00e3o curiosos e bem humorados! Quem tem sol em G\u00eameos costuma fazer amigos sem grandes dificuldades, tem uma verdadeira voca\u00e7\u00e3o para manter um c\u00edrculo social diverso, com todas as tribos poss\u00edveis. Dois em um? Geminianos e geminianas podem ter uma personalidade vers\u00e1til, que se adapta a diversas formas de pensamento e podem transitar tranquilamente por dois lados de uma quest\u00e3o. Mas aten\u00e7\u00e3o! Com imaturidade essa facilidade de media\u00e7\u00e3o pode se transformar em falsidade.<\/p>\n<p class=\"ui-simple-text-row__paragraph ui-text is-body is-dark-color\">A combina\u00e7\u00e3o do elemento ar com a natureza mut\u00e1vel do signo indica uma facilidade de adapta\u00e7\u00e3o no signo de G\u00eameos, al\u00e9m de uma inquietude por novos desafios, aprendizados e experi\u00eancias. Se voc\u00ea tem este signo forte no Mapa Astral, ou seja, ascendente, lua ou um ac\u00famulo de planetas em G\u00eameos, provavelmente, odeia uma rotina massante ou exaustiva. O planeta Merc\u00fario como regente relaciona G\u00eameos \u00e0 criatividade e \u00e0 comunica\u00e7\u00e3o.<\/p>\n<p><strong>Informa\u00e7\u00f5es sobre o Pingente:<\/strong><br \/>\n\u2022 12 mm<br \/>\n\u2022 Composi\u00e7\u00e3o: lat\u00e3o<br \/>\n\u2022 Banhado em metal nobre hipoalerg\u00eanico: R\u00f3dio ou Ouro<\/p>\n<p><strong>Op\u00e7\u00f5es de Finaliza\u00e7\u00e3o:<\/strong><br \/>\n\u2022 Corrente nos tamanhos 45cm ou 60cm banhadas em metal nobre hipoalerg\u00eanico: R\u00f3dio ou Ouro. Material: lat\u00e3o<br \/>\n\u2022 Cord\u00e3o de camur\u00e7a com fecho banhado em metal nobre hipoalerg\u00eanico: R\u00f3dio ou Ouro<\/p>\n<p><strong>Cuidados:<\/strong>\u00a0Produtos qu\u00edmicos podem reagir com as pe\u00e7as e alter\u00e1-las. Guarde-a em local apropriado; n\u00e3o deixe sobre a pia; n\u00e3o use para ir \u00e0 academia, praia, piscina e similares; n\u00e3o aplique perfumes, cremes, sabonetes e similares.<\/p>\n<p>A cor real do produto pode ter diferen\u00e7as em rela\u00e7\u00e3o \u00e0 foto.<\/p>\n","protected":false},"excerpt":{"rendered":"<p>Caracter\u00edsticas deste signo: Nascidos entre 21\/05 a 20\/06, geminianos s\u00e3o curiosos e bem humorados! Quem tem sol em G\u00eameos costuma fazer amigos sem grandes dificuldades, tem uma verdadeira voca\u00e7\u00e3o para manter um c\u00edrculo social diverso, com todas as tribos poss\u00edveis. Dois em um? Geminianos e geminianas podem ter uma personalidade vers\u00e1til, que se adapta a [&hellip;]<\/p>\n","protected":false},"featured_media":4363,"comment_status":"open","ping_status":"closed","template":"","meta":{"site-sidebar-layout":"default","site-content-layout":"","ast-site-content-layout":"default","site-content-style":"default","site-sidebar-style":"default","ast-global-header-display":"","ast-banner-title-visibility":"","ast-main-header-display":"","ast-hfb-above-header-display":"","ast-hfb-below-header-display":"","ast-hfb-mobile-header-display":"","site-post-title":"","ast-breadcrumbs-content":"","ast-featured-img":"","footer-sml-layout":"","ast-disable-related-posts":"","theme-transparent-header-meta":"default","adv-header-id-meta":"","stick-header-meta":"","header-above-stick-meta":"","header-main-stick-meta":"","header-below-stick-meta":"","astra-migrate-meta-layouts":"set","ast-page-background-enabled":"default","ast-page-background-meta":{"desktop":{"background-color":"","background-image":"","background-repeat":"repeat","background-position":"center center","background-size":"auto","background-attachment":"scroll","background-type":"","background-media":"","overlay-type":"","overlay-color":"","overlay-opacity":"","overlay-gradient":""},"tablet":{"background-color":"","background-image":"","background-repeat":"repeat","background-position":"center center","background-size":"auto","background-attachment":"scroll","background-type":"","background-media":"","overlay-type":"","overlay-color":"","overlay-opacity":"","overlay-gradient":""},"mobile":{"background-color":"","background-image":"","background-repeat":"repeat","background-position":"center center","background-size":"auto","background-attachment":"scroll","background-type":"","background-media":"","overlay-type":"","overlay-color":"","overlay-opacity":"","overlay-gradient":""}},"ast-content-background-meta":{"desktop":{"background-color":"var(--ast-global-color-5)","background-image":"","background-repeat":"repeat","background-position":"center center","background-size":"auto","background-attachment":"scroll","background-type":"","background-media":"","overlay-type":"","overlay-color":"","overlay-opacity":"","overlay-gradient":""},"tablet":{"background-color":"var(--ast-global-color-5)","background-image":"","background-repeat":"repeat","background-position":"center center","background-size":"auto","background-attachment":"scroll","background-type":"","background-media":"","overlay-type":"","overlay-color":"","overlay-opacity":"","overlay-gradient":""},"mobile":{"background-color":"var(--ast-global-color-5)","background-image":"","background-repeat":"repeat","background-position":"center center","background-size":"auto","background-attachment":"scroll","background-type":"","background-media":"","overlay-type":"","overlay-color":"","overlay-opacity":"","overlay-gradient":""}}},"product_brand":[],"product_cat":[56],"product_tag":[],"class_list":{"0":"post-4361","1":"product","2":"type-product","3":"status-publish","4":"has-post-thumbnail","6":"product_cat-amuletos-e-joias","7":"desktop-align-center","8":"tablet-align-center","9":"mobile-align-center","11":"first","12":"instock","13":"shipping-taxable","14":"purchasable","15":"product-type-simple"},"_links":{"self":[{"href":"https:\/\/www.dircealves.com.br\/ljda\/wp-json\/wp\/v2\/product\/4361","targetHints":{"allow":["GET"]}}],"collection":[{"href":"https:\/\/www.dircealves.com.br\/ljda\/wp-json\/wp\/v2\/product"}],"about":[{"href":"https:\/\/www.dircealves.com.br\/ljda\/wp-json\/wp\/v2\/types\/product"}],"replies":[{"embeddable":true,"href":"https:\/\/www.dircealves.com.br\/ljda\/wp-json\/wp\/v2\/comments?post=4361"}],"wp:featuredmedia":[{"embeddable":true,"href":"https:\/\/www.dircealves.com.br\/ljda\/wp-json\/wp\/v2\/media\/4363"}],"wp:attachment":[{"href":"https:\/\/www.dircealves.com.br\/ljda\/wp-json\/wp\/v2\/media?parent=4361"}],"wp:term":[{"taxonomy":"product_brand","embeddable":true,"href":"https:\/\/www.dircealves.com.br\/ljda\/wp-json\/wp\/v2\/product_brand?post=4361"},{"taxonomy":"product_cat","embeddable":true,"href":"https:\/\/www.dircealves.com.br\/ljda\/wp-json\/wp\/v2\/product_cat?post=4361"},{"taxonomy":"product_tag","embeddable":true,"href":"https:\/\/www.dircealves.com.br\/ljda\/wp-json\/wp\/v2\/product_tag?post=4361"}],"curies":[{"name":"wp","href":"https:\/\/api.w.org\/{rel}","templated":true}]}}