{"id":4357,"date":"2024-01-13T17:32:55","date_gmt":"2024-01-13T20:32:55","guid":{"rendered":"http:\/\/www.dircealves.com.br\/ljda\/?post_type=product&#038;p=4357"},"modified":"2024-11-22T13:07:37","modified_gmt":"2024-11-22T16:07:37","slug":"colar-signo-touro-17-mm","status":"publish","type":"product","link":"https:\/\/www.dircealves.com.br\/ljda\/produto\/colar-signo-touro-17-mm\/","title":{"rendered":"Colar Signo Touro 17 mm"},"content":{"rendered":"<p><strong>Caracter\u00edsticas deste signo:<\/strong><\/p>\n<p>Nascidos entre 21\/04 a 20\/05, taurinos geralmente s\u00e3o calmo e persistentes, se voc\u00ea tem sol no signo de Touro, provavelmente n\u00e3o costuma se irritar com facilidade. Em geral, suas posses e bens materiais s\u00e3o importantes para voc\u00ea. E, dependendo do restante do seu Mapa Astral, voc\u00ea pode usar isso ao seu favor, desenvolvendo uma tend\u00eancia natural para acumular bens materiais, al\u00e9m de um \u00f3timo senso de organiza\u00e7\u00e3o financeira.<\/p>\n<p class=\"ui-simple-text-row__paragraph ui-text is-body is-dark-color\">A combina\u00e7\u00e3o do elemento terra com a natureza fixa do signo de Touro indica poss\u00edveis dificuldades com mudan\u00e7as. Taurinos, taurinas, quem tem ascendente, lua ou um ac\u00famulo de planetas em Touro pode demonstrar certa lentid\u00e3o para agir. Isso faz parte do senso de seguran\u00e7a da personalidade de touro, que costuma ser estrat\u00e9gico em cada passo. A terra fixa tamb\u00e9m pode indicar uma teimosia excessiva, dif\u00edcil de controlar.<\/p>\n<p class=\"ui-simple-text-row__paragraph ui-text is-body is-dark-color\">O planeta V\u00eanus como regente relaciona o signo ao amor cuidadoso e afetuoso. Taurinos e taurinas amam de forma pr\u00e1tica e gentil, e \u00e9 na conviv\u00eancia que isso se expressa da melhor maneira.<\/p>\n<p>&nbsp;<\/p>\n<p><strong>Informa\u00e7\u00f5es sobre o Pingente:<\/strong><br \/>\n\u2022 17 mm<br \/>\n\u2022 Composi\u00e7\u00e3o: lat\u00e3o<br \/>\n\u2022 Banhado em metal nobre hipoalerg\u00eanico: R\u00f3dio ou Ouro<\/p>\n<p><strong>Op\u00e7\u00f5es de Finaliza\u00e7\u00e3o:<\/strong><br \/>\n\u2022 Corrente nos tamanhos 45cm ou 60cm banhadas em metal nobre hipoalerg\u00eanico: R\u00f3dio ou Ouro. Material: lat\u00e3o<br \/>\n\u2022 Cord\u00e3o de camur\u00e7a com fecho banhado em metal nobre hipoalerg\u00eanico: R\u00f3dio ou Ouro<\/p>\n<p><strong>Cuidados:<\/strong>\u00a0Produtos qu\u00edmicos podem reagir com as pe\u00e7as e alter\u00e1-las. Guarde-a em local apropriado; n\u00e3o deixe sobre a pia; n\u00e3o use para ir \u00e0 academia, praia, piscina e similares; n\u00e3o aplique perfumes, cremes, sabonetes e similares.<\/p>\n<p>A cor real do produto pode ter diferen\u00e7as em rela\u00e7\u00e3o \u00e0 foto.<\/p>\n","protected":false},"excerpt":{"rendered":"<p>Caracter\u00edsticas deste signo: Nascidos entre 21\/04 a 20\/05, taurinos geralmente s\u00e3o calmo e persistentes, se voc\u00ea tem sol no signo de Touro, provavelmente n\u00e3o costuma se irritar com facilidade. Em geral, suas posses e bens materiais s\u00e3o importantes para voc\u00ea. E, dependendo do restante do seu Mapa Astral, voc\u00ea pode usar isso ao seu favor, [&hellip;]<\/p>\n","protected":false},"featured_media":4358,"comment_status":"open","ping_status":"closed","template":"","meta":{"site-sidebar-layout":"default","site-content-layout":"","ast-site-content-layout":"default","site-content-style":"default","site-sidebar-style":"default","ast-global-header-display":"","ast-banner-title-visibility":"","ast-main-header-display":"","ast-hfb-above-header-display":"","ast-hfb-below-header-display":"","ast-hfb-mobile-header-display":"","site-post-title":"","ast-breadcrumbs-content":"","ast-featured-img":"","footer-sml-layout":"","ast-disable-related-posts":"","theme-transparent-header-meta":"default","adv-header-id-meta":"","stick-header-meta":"","header-above-stick-meta":"","header-main-stick-meta":"","header-below-stick-meta":"","astra-migrate-meta-layouts":"set","ast-page-background-enabled":"default","ast-page-background-meta":{"desktop":{"background-color":"","background-image":"","background-repeat":"repeat","background-position":"center center","background-size":"auto","background-attachment":"scroll","background-type":"","background-media":"","overlay-type":"","overlay-color":"","overlay-opacity":"","overlay-gradient":""},"tablet":{"background-color":"","background-image":"","background-repeat":"repeat","background-position":"center center","background-size":"auto","background-attachment":"scroll","background-type":"","background-media":"","overlay-type":"","overlay-color":"","overlay-opacity":"","overlay-gradient":""},"mobile":{"background-color":"","background-image":"","background-repeat":"repeat","background-position":"center center","background-size":"auto","background-attachment":"scroll","background-type":"","background-media":"","overlay-type":"","overlay-color":"","overlay-opacity":"","overlay-gradient":""}},"ast-content-background-meta":{"desktop":{"background-color":"var(--ast-global-color-5)","background-image":"","background-repeat":"repeat","background-position":"center center","background-size":"auto","background-attachment":"scroll","background-type":"","background-media":"","overlay-type":"","overlay-color":"","overlay-opacity":"","overlay-gradient":""},"tablet":{"background-color":"var(--ast-global-color-5)","background-image":"","background-repeat":"repeat","background-position":"center center","background-size":"auto","background-attachment":"scroll","background-type":"","background-media":"","overlay-type":"","overlay-color":"","overlay-opacity":"","overlay-gradient":""},"mobile":{"background-color":"var(--ast-global-color-5)","background-image":"","background-repeat":"repeat","background-position":"center center","background-size":"auto","background-attachment":"scroll","background-type":"","background-media":"","overlay-type":"","overlay-color":"","overlay-opacity":"","overlay-gradient":""}}},"product_brand":[],"product_cat":[56],"product_tag":[],"class_list":{"0":"post-4357","1":"product","2":"type-product","3":"status-publish","4":"has-post-thumbnail","6":"product_cat-amuletos-e-joias","7":"desktop-align-center","8":"tablet-align-center","9":"mobile-align-center","11":"first","12":"instock","13":"shipping-taxable","14":"purchasable","15":"product-type-simple"},"_links":{"self":[{"href":"https:\/\/www.dircealves.com.br\/ljda\/wp-json\/wp\/v2\/product\/4357","targetHints":{"allow":["GET"]}}],"collection":[{"href":"https:\/\/www.dircealves.com.br\/ljda\/wp-json\/wp\/v2\/product"}],"about":[{"href":"https:\/\/www.dircealves.com.br\/ljda\/wp-json\/wp\/v2\/types\/product"}],"replies":[{"embeddable":true,"href":"https:\/\/www.dircealves.com.br\/ljda\/wp-json\/wp\/v2\/comments?post=4357"}],"wp:featuredmedia":[{"embeddable":true,"href":"https:\/\/www.dircealves.com.br\/ljda\/wp-json\/wp\/v2\/media\/4358"}],"wp:attachment":[{"href":"https:\/\/www.dircealves.com.br\/ljda\/wp-json\/wp\/v2\/media?parent=4357"}],"wp:term":[{"taxonomy":"product_brand","embeddable":true,"href":"https:\/\/www.dircealves.com.br\/ljda\/wp-json\/wp\/v2\/product_brand?post=4357"},{"taxonomy":"product_cat","embeddable":true,"href":"https:\/\/www.dircealves.com.br\/ljda\/wp-json\/wp\/v2\/product_cat?post=4357"},{"taxonomy":"product_tag","embeddable":true,"href":"https:\/\/www.dircealves.com.br\/ljda\/wp-json\/wp\/v2\/product_tag?post=4357"}],"curies":[{"name":"wp","href":"https:\/\/api.w.org\/{rel}","templated":true}]}}