{"id":4353,"date":"2024-01-13T17:16:58","date_gmt":"2024-01-13T20:16:58","guid":{"rendered":"http:\/\/www.dircealves.com.br\/ljda\/?post_type=product&#038;p=4353"},"modified":"2024-11-22T13:09:30","modified_gmt":"2024-11-22T16:09:30","slug":"colar-signo-sagitario-12-mm","status":"publish","type":"product","link":"https:\/\/www.dircealves.com.br\/ljda\/produto\/colar-signo-sagitario-12-mm\/","title":{"rendered":"Colar Signo Sagit\u00e1rio 12 mm"},"content":{"rendered":"<p><strong>Caracter\u00edsticas deste signo: <\/strong><\/p>\n<p>Nascidos entre 22\/11 e 21\/12, sagitarianos costumam ser vaidosos e bem humorados. Quem tem sol em Sagit\u00e1rio costuma enxergar com facilidade o lado positivo de cada situa\u00e7\u00e3o. Cidad\u00e3os do mundo, sagitarianas e sagitarianos geralmente s\u00e3o pessoas extrovertidas, espont\u00e2neas e comunicativas que n\u00e3o gostam nenhum pouco de solid\u00e3o. O idealismo sempre presente, tamb\u00e9m faz de Sagit\u00e1rio o incentivador ideal, capaz de contagiar qualquer equipe sem muitos esfor\u00e7os.<\/p>\n<p>Tentar prender uma pessoa com um ac\u00famulo de planetas em Sagit\u00e1rio n\u00e3o \u00e9 uma boa ideia. De alma livre e cora\u00e7\u00e3o aventureiro, viajar, pelo mundo ou pela mente alimenta as personalidades sagitarianas, que sempre buscam por experi\u00eancias que trazem mais conhecimento. Por\u00e9m, \u00e9 preciso ter cuidado com os comportamentos vaidosos, sagitarianos e sagitarianas podem se considerar autoridades em assuntos que n\u00e3o dominam e passar uma imagem de \u201cdonos da verdade\u201d.<\/p>\n<p><strong>Informa\u00e7\u00f5es sobre o Pingente:<\/strong><br \/>\n\u2022 12 mm<br \/>\n\u2022 Composi\u00e7\u00e3o: lat\u00e3o<br \/>\n\u2022 Banhado em metal nobre hipoalerg\u00eanico: R\u00f3dio ou Ouro<\/p>\n<p><strong>Op\u00e7\u00f5es de Finaliza\u00e7\u00e3o:<\/strong><br \/>\n\u2022 Corrente nos tamanhos 45cm ou 60cm banhadas em metal nobre hipoalerg\u00eanico: R\u00f3dio ou Ouro. Material: lat\u00e3o<br \/>\n\u2022 Cord\u00e3o de camur\u00e7a com fecho banhado em metal nobre hipoalerg\u00eanico: R\u00f3dio ou Ouro<\/p>\n<p><strong>Cuidados<\/strong>:\u00a0Produtos qu\u00edmicos podem reagir com as pe\u00e7as e alter\u00e1-las. Guarde-a em local apropriado; n\u00e3o deixe sobre a pia; n\u00e3o use para ir \u00e0 academia, praia, piscina e similares; n\u00e3o aplique perfumes, cremes, sabonetes e similares.<\/p>\n<p>A cor real do produto pode ter diferen\u00e7as em rela\u00e7\u00e3o \u00e0 foto.<\/p>\n","protected":false},"excerpt":{"rendered":"<p>Caracter\u00edsticas deste signo: Nascidos entre 22\/11 e 21\/12, sagitarianos costumam ser vaidosos e bem humorados. Quem tem sol em Sagit\u00e1rio costuma enxergar com facilidade o lado positivo de cada situa\u00e7\u00e3o. Cidad\u00e3os do mundo, sagitarianas e sagitarianos geralmente s\u00e3o pessoas extrovertidas, espont\u00e2neas e comunicativas que n\u00e3o gostam nenhum pouco de solid\u00e3o. O idealismo sempre presente, tamb\u00e9m [&hellip;]<\/p>\n","protected":false},"featured_media":4354,"comment_status":"open","ping_status":"closed","template":"","meta":{"site-sidebar-layout":"default","site-content-layout":"","ast-site-content-layout":"default","site-content-style":"default","site-sidebar-style":"default","ast-global-header-display":"","ast-banner-title-visibility":"","ast-main-header-display":"","ast-hfb-above-header-display":"","ast-hfb-below-header-display":"","ast-hfb-mobile-header-display":"","site-post-title":"","ast-breadcrumbs-content":"","ast-featured-img":"","footer-sml-layout":"","ast-disable-related-posts":"","theme-transparent-header-meta":"default","adv-header-id-meta":"","stick-header-meta":"","header-above-stick-meta":"","header-main-stick-meta":"","header-below-stick-meta":"","astra-migrate-meta-layouts":"set","ast-page-background-enabled":"default","ast-page-background-meta":{"desktop":{"background-color":"","background-image":"","background-repeat":"repeat","background-position":"center center","background-size":"auto","background-attachment":"scroll","background-type":"","background-media":"","overlay-type":"","overlay-color":"","overlay-opacity":"","overlay-gradient":""},"tablet":{"background-color":"","background-image":"","background-repeat":"repeat","background-position":"center center","background-size":"auto","background-attachment":"scroll","background-type":"","background-media":"","overlay-type":"","overlay-color":"","overlay-opacity":"","overlay-gradient":""},"mobile":{"background-color":"","background-image":"","background-repeat":"repeat","background-position":"center center","background-size":"auto","background-attachment":"scroll","background-type":"","background-media":"","overlay-type":"","overlay-color":"","overlay-opacity":"","overlay-gradient":""}},"ast-content-background-meta":{"desktop":{"background-color":"var(--ast-global-color-5)","background-image":"","background-repeat":"repeat","background-position":"center center","background-size":"auto","background-attachment":"scroll","background-type":"","background-media":"","overlay-type":"","overlay-color":"","overlay-opacity":"","overlay-gradient":""},"tablet":{"background-color":"var(--ast-global-color-5)","background-image":"","background-repeat":"repeat","background-position":"center center","background-size":"auto","background-attachment":"scroll","background-type":"","background-media":"","overlay-type":"","overlay-color":"","overlay-opacity":"","overlay-gradient":""},"mobile":{"background-color":"var(--ast-global-color-5)","background-image":"","background-repeat":"repeat","background-position":"center center","background-size":"auto","background-attachment":"scroll","background-type":"","background-media":"","overlay-type":"","overlay-color":"","overlay-opacity":"","overlay-gradient":""}}},"product_brand":[],"product_cat":[56],"product_tag":[],"class_list":{"0":"post-4353","1":"product","2":"type-product","3":"status-publish","4":"has-post-thumbnail","6":"product_cat-amuletos-e-joias","7":"desktop-align-center","8":"tablet-align-center","9":"mobile-align-center","11":"first","12":"instock","13":"shipping-taxable","14":"purchasable","15":"product-type-simple"},"_links":{"self":[{"href":"https:\/\/www.dircealves.com.br\/ljda\/wp-json\/wp\/v2\/product\/4353","targetHints":{"allow":["GET"]}}],"collection":[{"href":"https:\/\/www.dircealves.com.br\/ljda\/wp-json\/wp\/v2\/product"}],"about":[{"href":"https:\/\/www.dircealves.com.br\/ljda\/wp-json\/wp\/v2\/types\/product"}],"replies":[{"embeddable":true,"href":"https:\/\/www.dircealves.com.br\/ljda\/wp-json\/wp\/v2\/comments?post=4353"}],"wp:featuredmedia":[{"embeddable":true,"href":"https:\/\/www.dircealves.com.br\/ljda\/wp-json\/wp\/v2\/media\/4354"}],"wp:attachment":[{"href":"https:\/\/www.dircealves.com.br\/ljda\/wp-json\/wp\/v2\/media?parent=4353"}],"wp:term":[{"taxonomy":"product_brand","embeddable":true,"href":"https:\/\/www.dircealves.com.br\/ljda\/wp-json\/wp\/v2\/product_brand?post=4353"},{"taxonomy":"product_cat","embeddable":true,"href":"https:\/\/www.dircealves.com.br\/ljda\/wp-json\/wp\/v2\/product_cat?post=4353"},{"taxonomy":"product_tag","embeddable":true,"href":"https:\/\/www.dircealves.com.br\/ljda\/wp-json\/wp\/v2\/product_tag?post=4353"}],"curies":[{"name":"wp","href":"https:\/\/api.w.org\/{rel}","templated":true}]}}