{"id":4349,"date":"2024-01-13T16:52:37","date_gmt":"2024-01-13T19:52:37","guid":{"rendered":"http:\/\/www.dircealves.com.br\/ljda\/?post_type=product&#038;p=4349"},"modified":"2024-12-11T20:20:03","modified_gmt":"2024-12-11T23:20:03","slug":"gato-da-sorte-branco-em-acrilico-com-energia-solar-maneki-neko","status":"publish","type":"product","link":"https:\/\/www.dircealves.com.br\/ljda\/produto\/gato-da-sorte-branco-em-acrilico-com-energia-solar-maneki-neko\/","title":{"rendered":"Gato Da Sorte Branco em acr\u00edlico com Energia Solar ( Maneki Neko )"},"content":{"rendered":"<p>Quem n\u00e3o conhece o Maneki Neko, um dos amuletos do Jap\u00e3o mais Famosos em todo o mundo Conhecido tamb\u00e9m como Gato da Sorte, esse talism\u00e3 muito especial Para os japoneses para atrair muita sorte, prote\u00e7\u00e3o, prosperidade, Felicidade e sa\u00fade. Maneki Neko significa literalmente gato acenando se caracteriza Por um gato sentado com uma das patas levantadas. A pata levantada seria para atrair sorte e o gato que serviu de Inspira\u00e7\u00e3o para este amuleto foi o Bobtail Japon\u00eas, uma ra\u00e7a rara E muito antiga,al\u00e9m de ser \u00fanica ra\u00e7a considerada nativa do Jap\u00e3o<\/p>\n<p><strong>Composi\u00e7\u00e3o :<\/strong> Pl\u00e1stico e Movimento :<\/p>\n<p>Acenando com M\u00e3o Esquerda Mecanismo :<\/p>\n<p>Movido a Luz Solar ou Luz Artificial Decora\u00e7\u00e3o :<\/p>\n<p>Detalhes: Vermelho, Branco e Dourado em volto com um acr\u00edlico conforme imagemCor(es) :<\/p>\n<p>Placa de energia se localiza na frente do gato<\/p>\n<p><strong>Conte\u00fado :<\/strong> 01 (uma unidade);<\/p>\n<p><strong> Dimens\u00e3o produto :<\/strong> 8 cm altura\/ 8cm L \/ 8cm P \/ Item para decora\u00e7\u00e3o de um gato japon\u00eas da sorte feita em pl\u00e1stico Com funcionamento da pata ESQUERDA com funcionamento solar<\/p>\n<h1 class=\"a-size-base-plus a-text-bold\">Sobre este item<\/h1>\n<ul class=\"a-unordered-list a-vertical a-spacing-mini\">\n<li class=\"a-spacing-mini\"><span class=\"a-list-item\"> S\u00edmbolo de riqueza e boa sorte: este gato acenando \u00e9 um s\u00edmbolo de riqueza, auspiciosidade, fortuna, boa sorte e felicidade. \u00c9 adequado para exibi\u00e7\u00e3o de casa ou escrit\u00f3rio e decora\u00e7\u00e3o de carro. Exponha na sua sala de estar virada para o exterior ou perto do corredor para receber riqueza. <\/span><\/li>\n<li class=\"a-spacing-mini\"><span class=\"a-list-item\"> Materiais de alta qualidade: o gato da sorte \u00e9 feito de material pl\u00e1stico premium, express\u00f5es realistas com acabamento requintado, n\u00e3o \u00e9 f\u00e1cil de envelhecer. Design bonito com apar\u00eancia de gato e olhos sorridentes, acena o bra\u00e7o para boa sorte, cheio de felicidade e auspiciosidade. Fa\u00e7a o que fizer, a sorte seguir\u00e1 voc\u00ea. <\/span><\/li>\n<li class=\"a-spacing-mini\"><span class=\"a-list-item\"> Energia solar ecol\u00f3gica: h\u00e1 um receptor solar IC na base, ele transforma diretamente a luz solar em eletricidade. Quando recebe a luz solar, a m\u00e3o direita (na nossa dire\u00e7\u00e3o) acenar\u00e1 automaticamente, ecol\u00f3gica e economiza energia. <\/span><\/li>\n<li class=\"a-spacing-mini\"><span class=\"a-list-item\"> \u00d3timo presente: artesanato requintado, o gato da sorte parece t\u00e3o engra\u00e7ado e ador\u00e1vel. Um s\u00edmbolo perfeito de boa sorte para qualquer feriado ou ocasi\u00e3o. \u00d3timo para seus amigos ou colegas que iniciam um novo neg\u00f3cio. <\/span><\/li>\n<\/ul>\n","protected":false},"excerpt":{"rendered":"<p>Quem n\u00e3o conhece o Maneki Neko, um dos amuletos do Jap\u00e3o mais Famosos em todo o mundo Conhecido tamb\u00e9m como Gato da Sorte, esse talism\u00e3 muito especial Para os japoneses para atrair muita sorte, prote\u00e7\u00e3o, prosperidade, Felicidade e sa\u00fade. Maneki Neko significa literalmente gato acenando se caracteriza Por um gato sentado com uma das patas [&hellip;]<\/p>\n","protected":false},"featured_media":4282,"comment_status":"open","ping_status":"closed","template":"","meta":{"site-sidebar-layout":"default","site-content-layout":"","ast-site-content-layout":"default","site-content-style":"default","site-sidebar-style":"default","ast-global-header-display":"","ast-banner-title-visibility":"","ast-main-header-display":"","ast-hfb-above-header-display":"","ast-hfb-below-header-display":"","ast-hfb-mobile-header-display":"","site-post-title":"","ast-breadcrumbs-content":"","ast-featured-img":"","footer-sml-layout":"","ast-disable-related-posts":"","theme-transparent-header-meta":"default","adv-header-id-meta":"","stick-header-meta":"","header-above-stick-meta":"","header-main-stick-meta":"","header-below-stick-meta":"","astra-migrate-meta-layouts":"set","ast-page-background-enabled":"default","ast-page-background-meta":{"desktop":{"background-color":"","background-image":"","background-repeat":"repeat","background-position":"center center","background-size":"auto","background-attachment":"scroll","background-type":"","background-media":"","overlay-type":"","overlay-color":"","overlay-opacity":"","overlay-gradient":""},"tablet":{"background-color":"","background-image":"","background-repeat":"repeat","background-position":"center center","background-size":"auto","background-attachment":"scroll","background-type":"","background-media":"","overlay-type":"","overlay-color":"","overlay-opacity":"","overlay-gradient":""},"mobile":{"background-color":"","background-image":"","background-repeat":"repeat","background-position":"center center","background-size":"auto","background-attachment":"scroll","background-type":"","background-media":"","overlay-type":"","overlay-color":"","overlay-opacity":"","overlay-gradient":""}},"ast-content-background-meta":{"desktop":{"background-color":"var(--ast-global-color-5)","background-image":"","background-repeat":"repeat","background-position":"center center","background-size":"auto","background-attachment":"scroll","background-type":"","background-media":"","overlay-type":"","overlay-color":"","overlay-opacity":"","overlay-gradient":""},"tablet":{"background-color":"var(--ast-global-color-5)","background-image":"","background-repeat":"repeat","background-position":"center center","background-size":"auto","background-attachment":"scroll","background-type":"","background-media":"","overlay-type":"","overlay-color":"","overlay-opacity":"","overlay-gradient":""},"mobile":{"background-color":"var(--ast-global-color-5)","background-image":"","background-repeat":"repeat","background-position":"center center","background-size":"auto","background-attachment":"scroll","background-type":"","background-media":"","overlay-type":"","overlay-color":"","overlay-opacity":"","overlay-gradient":""}}},"product_brand":[],"product_cat":[55],"product_tag":[],"class_list":{"0":"post-4349","1":"product","2":"type-product","3":"status-publish","4":"has-post-thumbnail","6":"product_cat-decoracao","7":"desktop-align-center","8":"tablet-align-center","9":"mobile-align-center","11":"first","12":"instock","13":"shipping-taxable","14":"purchasable","15":"product-type-simple"},"_links":{"self":[{"href":"https:\/\/www.dircealves.com.br\/ljda\/wp-json\/wp\/v2\/product\/4349","targetHints":{"allow":["GET"]}}],"collection":[{"href":"https:\/\/www.dircealves.com.br\/ljda\/wp-json\/wp\/v2\/product"}],"about":[{"href":"https:\/\/www.dircealves.com.br\/ljda\/wp-json\/wp\/v2\/types\/product"}],"replies":[{"embeddable":true,"href":"https:\/\/www.dircealves.com.br\/ljda\/wp-json\/wp\/v2\/comments?post=4349"}],"wp:featuredmedia":[{"embeddable":true,"href":"https:\/\/www.dircealves.com.br\/ljda\/wp-json\/wp\/v2\/media\/4282"}],"wp:attachment":[{"href":"https:\/\/www.dircealves.com.br\/ljda\/wp-json\/wp\/v2\/media?parent=4349"}],"wp:term":[{"taxonomy":"product_brand","embeddable":true,"href":"https:\/\/www.dircealves.com.br\/ljda\/wp-json\/wp\/v2\/product_brand?post=4349"},{"taxonomy":"product_cat","embeddable":true,"href":"https:\/\/www.dircealves.com.br\/ljda\/wp-json\/wp\/v2\/product_cat?post=4349"},{"taxonomy":"product_tag","embeddable":true,"href":"https:\/\/www.dircealves.com.br\/ljda\/wp-json\/wp\/v2\/product_tag?post=4349"}],"curies":[{"name":"wp","href":"https:\/\/api.w.org\/{rel}","templated":true}]}}