{"id":4321,"date":"2024-01-03T14:53:03","date_gmt":"2024-01-03T17:53:03","guid":{"rendered":"http:\/\/www.dircealves.com.br\/ljda\/?post_type=product&#038;p=4321"},"modified":"2024-12-11T20:45:38","modified_gmt":"2024-12-11T23:45:38","slug":"incenso-para-o-signo-de-touro","status":"publish","type":"product","link":"https:\/\/www.dircealves.com.br\/ljda\/produto\/incenso-para-o-signo-de-touro\/","title":{"rendered":"Incenso para o Signo de Touro"},"content":{"rendered":"<div id=\"tab-description\" class=\"woocommerce-Tabs-panel woocommerce-Tabs-panel--description panel entry-content wc-tab\" role=\"tabpanel\" aria-labelledby=\"tab-title-description\">\n<p><strong>Touro<\/strong><\/p>\n<p align=\"left\">Prote\u00e7\u00e3o \u2013 Sucesso \u2013 Felicidade<\/p>\n<p align=\"left\"><strong>INCENSO SEM CARV\u00c3O!\u00a0\u00a0<\/strong><\/p>\n<p>Embalagem com\u00a010 varetas coloridas<\/p>\n<p>Varetas com 24 cm\u00a0de comprimento e\u00a0aprox. 50 minutos de dura\u00e7\u00e3o (queima)<\/p>\n<p>Composi\u00e7\u00e3o:\u00a0ess\u00eancia(s) arom\u00e1tica(s) oleosa(s), aglutinante, farinha e vareta de madeira reflorestada e corante aliment\u00edcio.<\/p>\n<p>Autoriza\u00e7\u00e3o M.S. 2.03.099-1<\/p>\n<p>Validade: 03 anos<\/p>\n<p>IMPORTANTE:\u00a0Este produto est\u00e1 devidamente notificado junto a ANVISA e n\u00e3o apresenta\u00a0em sua formula\u00e7\u00e3o subst\u00e2ncias pass\u00edveis de causar alergias, como benzeno e formol.<\/p>\n<p>&nbsp;<\/p>\n<p><em>Observa\u00e7\u00e3o: O valor do protudo se refere apenas a uma embalagem de incenso com 10 varetas!<\/em><\/p>\n<\/div>\n","protected":false},"excerpt":{"rendered":"<p>Touro Prote\u00e7\u00e3o \u2013 Sucesso \u2013 Felicidade INCENSO SEM CARV\u00c3O!\u00a0\u00a0 Embalagem com\u00a010 varetas coloridas Varetas com 24 cm\u00a0de comprimento e\u00a0aprox. 50 minutos de dura\u00e7\u00e3o (queima) Composi\u00e7\u00e3o:\u00a0ess\u00eancia(s) arom\u00e1tica(s) oleosa(s), aglutinante, farinha e vareta de madeira reflorestada e corante aliment\u00edcio. Autoriza\u00e7\u00e3o M.S. 2.03.099-1 Validade: 03 anos IMPORTANTE:\u00a0Este produto est\u00e1 devidamente notificado junto a ANVISA e n\u00e3o apresenta\u00a0em sua [&hellip;]<\/p>\n","protected":false},"featured_media":4290,"comment_status":"open","ping_status":"closed","template":"","meta":{"site-sidebar-layout":"default","site-content-layout":"","ast-site-content-layout":"default","site-content-style":"default","site-sidebar-style":"default","ast-global-header-display":"","ast-banner-title-visibility":"","ast-main-header-display":"","ast-hfb-above-header-display":"","ast-hfb-below-header-display":"","ast-hfb-mobile-header-display":"","site-post-title":"","ast-breadcrumbs-content":"","ast-featured-img":"","footer-sml-layout":"","ast-disable-related-posts":"","theme-transparent-header-meta":"default","adv-header-id-meta":"","stick-header-meta":"","header-above-stick-meta":"","header-main-stick-meta":"","header-below-stick-meta":"","astra-migrate-meta-layouts":"set","ast-page-background-enabled":"default","ast-page-background-meta":{"desktop":{"background-color":"","background-image":"","background-repeat":"repeat","background-position":"center center","background-size":"auto","background-attachment":"scroll","background-type":"","background-media":"","overlay-type":"","overlay-color":"","overlay-opacity":"","overlay-gradient":""},"tablet":{"background-color":"","background-image":"","background-repeat":"repeat","background-position":"center center","background-size":"auto","background-attachment":"scroll","background-type":"","background-media":"","overlay-type":"","overlay-color":"","overlay-opacity":"","overlay-gradient":""},"mobile":{"background-color":"","background-image":"","background-repeat":"repeat","background-position":"center center","background-size":"auto","background-attachment":"scroll","background-type":"","background-media":"","overlay-type":"","overlay-color":"","overlay-opacity":"","overlay-gradient":""}},"ast-content-background-meta":{"desktop":{"background-color":"var(--ast-global-color-5)","background-image":"","background-repeat":"repeat","background-position":"center center","background-size":"auto","background-attachment":"scroll","background-type":"","background-media":"","overlay-type":"","overlay-color":"","overlay-opacity":"","overlay-gradient":""},"tablet":{"background-color":"var(--ast-global-color-5)","background-image":"","background-repeat":"repeat","background-position":"center center","background-size":"auto","background-attachment":"scroll","background-type":"","background-media":"","overlay-type":"","overlay-color":"","overlay-opacity":"","overlay-gradient":""},"mobile":{"background-color":"var(--ast-global-color-5)","background-image":"","background-repeat":"repeat","background-position":"center center","background-size":"auto","background-attachment":"scroll","background-type":"","background-media":"","overlay-type":"","overlay-color":"","overlay-opacity":"","overlay-gradient":""}}},"product_brand":[],"product_cat":[52],"product_tag":[],"class_list":{"0":"post-4321","1":"product","2":"type-product","3":"status-publish","4":"has-post-thumbnail","6":"product_cat-incensos","7":"desktop-align-center","8":"tablet-align-center","9":"mobile-align-center","11":"first","12":"instock","13":"shipping-taxable","14":"purchasable","15":"product-type-simple"},"_links":{"self":[{"href":"https:\/\/www.dircealves.com.br\/ljda\/wp-json\/wp\/v2\/product\/4321","targetHints":{"allow":["GET"]}}],"collection":[{"href":"https:\/\/www.dircealves.com.br\/ljda\/wp-json\/wp\/v2\/product"}],"about":[{"href":"https:\/\/www.dircealves.com.br\/ljda\/wp-json\/wp\/v2\/types\/product"}],"replies":[{"embeddable":true,"href":"https:\/\/www.dircealves.com.br\/ljda\/wp-json\/wp\/v2\/comments?post=4321"}],"wp:featuredmedia":[{"embeddable":true,"href":"https:\/\/www.dircealves.com.br\/ljda\/wp-json\/wp\/v2\/media\/4290"}],"wp:attachment":[{"href":"https:\/\/www.dircealves.com.br\/ljda\/wp-json\/wp\/v2\/media?parent=4321"}],"wp:term":[{"taxonomy":"product_brand","embeddable":true,"href":"https:\/\/www.dircealves.com.br\/ljda\/wp-json\/wp\/v2\/product_brand?post=4321"},{"taxonomy":"product_cat","embeddable":true,"href":"https:\/\/www.dircealves.com.br\/ljda\/wp-json\/wp\/v2\/product_cat?post=4321"},{"taxonomy":"product_tag","embeddable":true,"href":"https:\/\/www.dircealves.com.br\/ljda\/wp-json\/wp\/v2\/product_tag?post=4321"}],"curies":[{"name":"wp","href":"https:\/\/api.w.org\/{rel}","templated":true}]}}