{"id":4316,"date":"2024-01-03T12:12:39","date_gmt":"2024-01-03T15:12:39","guid":{"rendered":"http:\/\/www.dircealves.com.br\/ljda\/?post_type=product&#038;p=4316"},"modified":"2024-12-11T20:51:59","modified_gmt":"2024-12-11T23:51:59","slug":"incenso-para-o-signo-de-aries-hortela","status":"publish","type":"product","link":"https:\/\/www.dircealves.com.br\/ljda\/produto\/incenso-para-o-signo-de-aries-hortela\/","title":{"rendered":"Incenso para o Signo de \u00c1ries &#8211; Hortel\u00e3"},"content":{"rendered":"<h4 align=\"left\"><span style=\"font-size: small;\"><span style=\"color: #000000;\"><span style=\"font-size: medium;\"><strong>Hortel\u00e3<\/strong><\/span><\/span><\/span><br \/>\n<span style=\"font-size: small;\"><span style=\"color: #000000;\">poder de decis\u00e3o &#8211; intelig\u00eancia<\/span><\/span><\/h4>\n<p align=\"left\">Cartela com 10 varetas coloridas<\/p>\n<p><span style=\"color: #000000;\"><span style=\"font-size: small;\">Varetas com 24 cm\u00a0de comprimento e\u00a0aprox. 45 minutos de dura\u00e7\u00e3o (queima)<\/span><\/span><\/p>\n<p>&nbsp;<\/p>\n<p><span style=\"font-size: small;\"><span style=\"color: #000000;\"><strong>Composi\u00e7\u00e3o:<\/strong>\u00a0ess\u00eancia(s) arom\u00e1tica(s) oleosa(s), carv\u00e3o vegetal, amido, madeira e corante aliment\u00edcio.<\/span><\/span><\/p>\n<p><span style=\"color: #000000; font-size: small;\">Autoriza\u00e7\u00e3o M.S. 2.03.099-1<\/span><\/p>\n<p><span style=\"color: #000000; font-size: small;\">Validade: 03 anos<\/span><\/p>\n<p><span style=\"font-size: xx-small;\"><span style=\"color: #000000;\"><strong>IMPORTANTE:<\/strong>\u00a0Este produto est\u00e1 devidamente notificado junto a ANVISA e n\u00e3o apresenta\u00a0em sua formula\u00e7\u00e3o subst\u00e2ncias pass\u00edveis de causar alergias, como benzeno e formol.<\/span>\u00a0<\/span><\/p>\n","protected":false},"excerpt":{"rendered":"<p>Hortel\u00e3 poder de decis\u00e3o &#8211; intelig\u00eancia Cartela com 10 varetas coloridas Varetas com 24 cm\u00a0de comprimento e\u00a0aprox. 45 minutos de dura\u00e7\u00e3o (queima) &nbsp; Composi\u00e7\u00e3o:\u00a0ess\u00eancia(s) arom\u00e1tica(s) oleosa(s), carv\u00e3o vegetal, amido, madeira e corante aliment\u00edcio. Autoriza\u00e7\u00e3o M.S. 2.03.099-1 Validade: 03 anos IMPORTANTE:\u00a0Este produto est\u00e1 devidamente notificado junto a ANVISA e n\u00e3o apresenta\u00a0em sua formula\u00e7\u00e3o subst\u00e2ncias pass\u00edveis de [&hellip;]<\/p>\n","protected":false},"featured_media":4286,"comment_status":"open","ping_status":"closed","template":"","meta":{"site-sidebar-layout":"default","site-content-layout":"","ast-site-content-layout":"default","site-content-style":"default","site-sidebar-style":"default","ast-global-header-display":"","ast-banner-title-visibility":"","ast-main-header-display":"","ast-hfb-above-header-display":"","ast-hfb-below-header-display":"","ast-hfb-mobile-header-display":"","site-post-title":"","ast-breadcrumbs-content":"","ast-featured-img":"","footer-sml-layout":"","ast-disable-related-posts":"","theme-transparent-header-meta":"default","adv-header-id-meta":"","stick-header-meta":"","header-above-stick-meta":"","header-main-stick-meta":"","header-below-stick-meta":"","astra-migrate-meta-layouts":"set","ast-page-background-enabled":"default","ast-page-background-meta":{"desktop":{"background-color":"","background-image":"","background-repeat":"repeat","background-position":"center center","background-size":"auto","background-attachment":"scroll","background-type":"","background-media":"","overlay-type":"","overlay-color":"","overlay-opacity":"","overlay-gradient":""},"tablet":{"background-color":"","background-image":"","background-repeat":"repeat","background-position":"center center","background-size":"auto","background-attachment":"scroll","background-type":"","background-media":"","overlay-type":"","overlay-color":"","overlay-opacity":"","overlay-gradient":""},"mobile":{"background-color":"","background-image":"","background-repeat":"repeat","background-position":"center center","background-size":"auto","background-attachment":"scroll","background-type":"","background-media":"","overlay-type":"","overlay-color":"","overlay-opacity":"","overlay-gradient":""}},"ast-content-background-meta":{"desktop":{"background-color":"var(--ast-global-color-5)","background-image":"","background-repeat":"repeat","background-position":"center center","background-size":"auto","background-attachment":"scroll","background-type":"","background-media":"","overlay-type":"","overlay-color":"","overlay-opacity":"","overlay-gradient":""},"tablet":{"background-color":"var(--ast-global-color-5)","background-image":"","background-repeat":"repeat","background-position":"center center","background-size":"auto","background-attachment":"scroll","background-type":"","background-media":"","overlay-type":"","overlay-color":"","overlay-opacity":"","overlay-gradient":""},"mobile":{"background-color":"var(--ast-global-color-5)","background-image":"","background-repeat":"repeat","background-position":"center center","background-size":"auto","background-attachment":"scroll","background-type":"","background-media":"","overlay-type":"","overlay-color":"","overlay-opacity":"","overlay-gradient":""}}},"product_brand":[],"product_cat":[52],"product_tag":[],"class_list":{"0":"post-4316","1":"product","2":"type-product","3":"status-publish","4":"has-post-thumbnail","6":"product_cat-incensos","7":"desktop-align-center","8":"tablet-align-center","9":"mobile-align-center","11":"first","12":"instock","13":"shipping-taxable","14":"purchasable","15":"product-type-simple"},"_links":{"self":[{"href":"https:\/\/www.dircealves.com.br\/ljda\/wp-json\/wp\/v2\/product\/4316","targetHints":{"allow":["GET"]}}],"collection":[{"href":"https:\/\/www.dircealves.com.br\/ljda\/wp-json\/wp\/v2\/product"}],"about":[{"href":"https:\/\/www.dircealves.com.br\/ljda\/wp-json\/wp\/v2\/types\/product"}],"replies":[{"embeddable":true,"href":"https:\/\/www.dircealves.com.br\/ljda\/wp-json\/wp\/v2\/comments?post=4316"}],"wp:featuredmedia":[{"embeddable":true,"href":"https:\/\/www.dircealves.com.br\/ljda\/wp-json\/wp\/v2\/media\/4286"}],"wp:attachment":[{"href":"https:\/\/www.dircealves.com.br\/ljda\/wp-json\/wp\/v2\/media?parent=4316"}],"wp:term":[{"taxonomy":"product_brand","embeddable":true,"href":"https:\/\/www.dircealves.com.br\/ljda\/wp-json\/wp\/v2\/product_brand?post=4316"},{"taxonomy":"product_cat","embeddable":true,"href":"https:\/\/www.dircealves.com.br\/ljda\/wp-json\/wp\/v2\/product_cat?post=4316"},{"taxonomy":"product_tag","embeddable":true,"href":"https:\/\/www.dircealves.com.br\/ljda\/wp-json\/wp\/v2\/product_tag?post=4316"}],"curies":[{"name":"wp","href":"https:\/\/api.w.org\/{rel}","templated":true}]}}