{"id":4303,"date":"2023-12-28T15:45:07","date_gmt":"2023-12-28T18:45:07","guid":{"rendered":"http:\/\/www.dircealves.com.br\/ljda\/?post_type=product&#038;p=4303"},"modified":"2024-12-11T20:53:55","modified_gmt":"2024-12-11T23:53:55","slug":"incenso-de-sandalo-signo-de-virgem","status":"publish","type":"product","link":"https:\/\/www.dircealves.com.br\/ljda\/produto\/incenso-de-sandalo-signo-de-virgem\/","title":{"rendered":"Incenso de S\u00e2ndalo &#8211; Signo de Virgem"},"content":{"rendered":"<p><strong>S\u00e2ndalo\u00a0<\/strong><\/p>\n<p align=\"left\"><span style=\"font-size: small;\"><span style=\"color: #000000;\">Medita\u00e7\u00e3o &#8211; Espiritualidade &#8211; Sorte<\/span><\/span><\/p>\n<p align=\"left\">\u00a0<span style=\"font-size: small;\">\u00a0<\/span><\/p>\n<p align=\"left\"><strong>INCENSO SEM CARV\u00c3O!\u00a0<span style=\"font-size: small;\">\u00a0<\/span><\/strong><\/p>\n<p>Embalagem com\u00a010 varetas coloridas<\/p>\n<p><span style=\"color: #000000;\"><span style=\"font-size: small;\">Varetas com 24 cm\u00a0de comprimento e\u00a0aprox. 50 minutos de dura\u00e7\u00e3o (queima)<\/span><\/span><\/p>\n<p><span style=\"font-size: small;\"><span style=\"color: #000000;\">Composi\u00e7\u00e3o:\u00a0ess\u00eancia(s) arom\u00e1tica(s) oleosa(s), aglutinante<\/span><\/span>, farinha e vareta de madeira reflorestada e corante aliment\u00edcio.<\/p>\n<p><span style=\"color: #000000; font-size: small;\">Autoriza\u00e7\u00e3o M.S. 2.03.099-1<\/span><\/p>\n<p><span style=\"color: #000000; font-size: small;\">Validade: 03 anos<\/span><\/p>\n<p><span style=\"font-size: xx-small;\"><span style=\"color: #000000;\">IMPORTANTE:\u00a0Este produto est\u00e1 devidamente notificado junto a ANVISA e n\u00e3o apresenta\u00a0em sua formula\u00e7\u00e3o subst\u00e2ncias pass\u00edveis de causar alergias, como benzeno e formol.<\/span>\u00a0<\/span><\/p>\n<p><span style=\"color: #993366;\"><em>Observa\u00e7\u00e3o: O valor do protudo se refere apenas a uma embalagem de incenso com 10 varetas!<\/em><\/span><\/p>\n","protected":false},"excerpt":{"rendered":"<p>S\u00e2ndalo\u00a0 Medita\u00e7\u00e3o &#8211; Espiritualidade &#8211; Sorte \u00a0\u00a0 INCENSO SEM CARV\u00c3O!\u00a0\u00a0 Embalagem com\u00a010 varetas coloridas Varetas com 24 cm\u00a0de comprimento e\u00a0aprox. 50 minutos de dura\u00e7\u00e3o (queima) Composi\u00e7\u00e3o:\u00a0ess\u00eancia(s) arom\u00e1tica(s) oleosa(s), aglutinante, farinha e vareta de madeira reflorestada e corante aliment\u00edcio. Autoriza\u00e7\u00e3o M.S. 2.03.099-1 Validade: 03 anos IMPORTANTE:\u00a0Este produto est\u00e1 devidamente notificado junto a ANVISA e n\u00e3o apresenta\u00a0em [&hellip;]<\/p>\n","protected":false},"featured_media":4291,"comment_status":"open","ping_status":"closed","template":"","meta":{"site-sidebar-layout":"default","site-content-layout":"","ast-site-content-layout":"default","site-content-style":"default","site-sidebar-style":"default","ast-global-header-display":"","ast-banner-title-visibility":"","ast-main-header-display":"","ast-hfb-above-header-display":"","ast-hfb-below-header-display":"","ast-hfb-mobile-header-display":"","site-post-title":"","ast-breadcrumbs-content":"","ast-featured-img":"","footer-sml-layout":"","ast-disable-related-posts":"","theme-transparent-header-meta":"default","adv-header-id-meta":"","stick-header-meta":"","header-above-stick-meta":"","header-main-stick-meta":"","header-below-stick-meta":"","astra-migrate-meta-layouts":"set","ast-page-background-enabled":"default","ast-page-background-meta":{"desktop":{"background-color":"","background-image":"","background-repeat":"repeat","background-position":"center center","background-size":"auto","background-attachment":"scroll","background-type":"","background-media":"","overlay-type":"","overlay-color":"","overlay-opacity":"","overlay-gradient":""},"tablet":{"background-color":"","background-image":"","background-repeat":"repeat","background-position":"center center","background-size":"auto","background-attachment":"scroll","background-type":"","background-media":"","overlay-type":"","overlay-color":"","overlay-opacity":"","overlay-gradient":""},"mobile":{"background-color":"","background-image":"","background-repeat":"repeat","background-position":"center center","background-size":"auto","background-attachment":"scroll","background-type":"","background-media":"","overlay-type":"","overlay-color":"","overlay-opacity":"","overlay-gradient":""}},"ast-content-background-meta":{"desktop":{"background-color":"var(--ast-global-color-5)","background-image":"","background-repeat":"repeat","background-position":"center center","background-size":"auto","background-attachment":"scroll","background-type":"","background-media":"","overlay-type":"","overlay-color":"","overlay-opacity":"","overlay-gradient":""},"tablet":{"background-color":"var(--ast-global-color-5)","background-image":"","background-repeat":"repeat","background-position":"center center","background-size":"auto","background-attachment":"scroll","background-type":"","background-media":"","overlay-type":"","overlay-color":"","overlay-opacity":"","overlay-gradient":""},"mobile":{"background-color":"var(--ast-global-color-5)","background-image":"","background-repeat":"repeat","background-position":"center center","background-size":"auto","background-attachment":"scroll","background-type":"","background-media":"","overlay-type":"","overlay-color":"","overlay-opacity":"","overlay-gradient":""}}},"product_brand":[],"product_cat":[52],"product_tag":[],"class_list":{"0":"post-4303","1":"product","2":"type-product","3":"status-publish","4":"has-post-thumbnail","6":"product_cat-incensos","7":"desktop-align-center","8":"tablet-align-center","9":"mobile-align-center","11":"first","12":"instock","13":"shipping-taxable","14":"purchasable","15":"product-type-simple"},"_links":{"self":[{"href":"https:\/\/www.dircealves.com.br\/ljda\/wp-json\/wp\/v2\/product\/4303","targetHints":{"allow":["GET"]}}],"collection":[{"href":"https:\/\/www.dircealves.com.br\/ljda\/wp-json\/wp\/v2\/product"}],"about":[{"href":"https:\/\/www.dircealves.com.br\/ljda\/wp-json\/wp\/v2\/types\/product"}],"replies":[{"embeddable":true,"href":"https:\/\/www.dircealves.com.br\/ljda\/wp-json\/wp\/v2\/comments?post=4303"}],"wp:featuredmedia":[{"embeddable":true,"href":"https:\/\/www.dircealves.com.br\/ljda\/wp-json\/wp\/v2\/media\/4291"}],"wp:attachment":[{"href":"https:\/\/www.dircealves.com.br\/ljda\/wp-json\/wp\/v2\/media?parent=4303"}],"wp:term":[{"taxonomy":"product_brand","embeddable":true,"href":"https:\/\/www.dircealves.com.br\/ljda\/wp-json\/wp\/v2\/product_brand?post=4303"},{"taxonomy":"product_cat","embeddable":true,"href":"https:\/\/www.dircealves.com.br\/ljda\/wp-json\/wp\/v2\/product_cat?post=4303"},{"taxonomy":"product_tag","embeddable":true,"href":"https:\/\/www.dircealves.com.br\/ljda\/wp-json\/wp\/v2\/product_tag?post=4303"}],"curies":[{"name":"wp","href":"https:\/\/api.w.org\/{rel}","templated":true}]}}