{"id":4273,"date":"2023-12-27T11:17:23","date_gmt":"2023-12-27T14:17:23","guid":{"rendered":"http:\/\/www.dircealves.com.br\/ljda\/?post_type=product&#038;p=4273"},"modified":"2024-12-11T19:29:59","modified_gmt":"2024-12-11T22:29:59","slug":"calcio-de-ostras-com-vitaminas-120-capsulas","status":"publish","type":"product","link":"https:\/\/www.dircealves.com.br\/ljda\/produto\/calcio-de-ostras-com-vitaminas-120-capsulas\/","title":{"rendered":"C\u00e1lcio de Ostras com Vitaminas 120 c\u00e1psulas"},"content":{"rendered":"<p>O C\u00e1lcio auxilia na forma\u00e7\u00e3o e manuten\u00e7\u00e3o de ossos e dentes, e no funcionamento muscular e neuromuscular. O c\u00e1lcio de ostra, possui em sua composi\u00e7\u00e3o o c\u00e1lcio associado com a vitamina D3. A vitamina D auxilia na absor\u00e7\u00e3o de c\u00e1lcio e f\u00f3sforo, e no funcionamento do sistema imune.<br \/>\nApresenta aux\u00edlio tamb\u00e9m para:<\/p>\n<p>&#8211; O funcionamento muscular e neuromuscular;<br \/>\n&#8211; No processo de divis\u00e3o celular;<br \/>\n&#8211; No metabolismo energ\u00e9tico;<\/p>\n<p><span style=\"color: #3366ff;\"><strong>Ingredientes<\/strong><\/span><\/p>\n<p>Concha de Ostras em P\u00f3 e Vitamina D3 (Colecalciferol). Capsula: Gelatina, \u00c1gua e Corantes Azul Brilhante, Vermelho40, Amarelo de Quinolina e Di\u00f3xido de Tit\u00e2nio.. N\u00c3O CONT\u00c9M GL\u00daTEN.<\/p>\n<p><span style=\"color: #3366ff;\"><strong>Recomenda\u00e7\u00e3o de Uso<\/strong><\/span><\/p>\n<p>Ingerir 3 c\u00e1psula ao dia.<\/p>\n<p><span style=\"color: #3366ff;\"><strong>Sinergia de Vitaminas e Minerias<\/strong><\/span><\/p>\n<p>Pode ser associado ao Magn\u00e9sio Quelato, que ir\u00e1 contribuir na a\u00e7\u00e3o e efeitos em conjunto no metabolismo dos ossos.<\/p>\n","protected":false},"excerpt":{"rendered":"<p>O C\u00e1lcio auxilia na forma\u00e7\u00e3o e manuten\u00e7\u00e3o de ossos e dentes, e no funcionamento muscular e neuromuscular. O c\u00e1lcio de ostra, possui em sua composi\u00e7\u00e3o o c\u00e1lcio associado com a vitamina D3. A vitamina D auxilia na absor\u00e7\u00e3o de c\u00e1lcio e f\u00f3sforo, e no funcionamento do sistema imune. Apresenta aux\u00edlio tamb\u00e9m para: &#8211; O funcionamento [&hellip;]<\/p>\n","protected":false},"featured_media":4274,"comment_status":"open","ping_status":"closed","template":"","meta":{"site-sidebar-layout":"default","site-content-layout":"","ast-site-content-layout":"default","site-content-style":"default","site-sidebar-style":"default","ast-global-header-display":"","ast-banner-title-visibility":"","ast-main-header-display":"","ast-hfb-above-header-display":"","ast-hfb-below-header-display":"","ast-hfb-mobile-header-display":"","site-post-title":"","ast-breadcrumbs-content":"","ast-featured-img":"","footer-sml-layout":"","ast-disable-related-posts":"","theme-transparent-header-meta":"default","adv-header-id-meta":"","stick-header-meta":"","header-above-stick-meta":"","header-main-stick-meta":"","header-below-stick-meta":"","astra-migrate-meta-layouts":"set","ast-page-background-enabled":"default","ast-page-background-meta":{"desktop":{"background-color":"","background-image":"","background-repeat":"repeat","background-position":"center center","background-size":"auto","background-attachment":"scroll","background-type":"","background-media":"","overlay-type":"","overlay-color":"","overlay-opacity":"","overlay-gradient":""},"tablet":{"background-color":"","background-image":"","background-repeat":"repeat","background-position":"center center","background-size":"auto","background-attachment":"scroll","background-type":"","background-media":"","overlay-type":"","overlay-color":"","overlay-opacity":"","overlay-gradient":""},"mobile":{"background-color":"","background-image":"","background-repeat":"repeat","background-position":"center center","background-size":"auto","background-attachment":"scroll","background-type":"","background-media":"","overlay-type":"","overlay-color":"","overlay-opacity":"","overlay-gradient":""}},"ast-content-background-meta":{"desktop":{"background-color":"var(--ast-global-color-5)","background-image":"","background-repeat":"repeat","background-position":"center center","background-size":"auto","background-attachment":"scroll","background-type":"","background-media":"","overlay-type":"","overlay-color":"","overlay-opacity":"","overlay-gradient":""},"tablet":{"background-color":"var(--ast-global-color-5)","background-image":"","background-repeat":"repeat","background-position":"center center","background-size":"auto","background-attachment":"scroll","background-type":"","background-media":"","overlay-type":"","overlay-color":"","overlay-opacity":"","overlay-gradient":""},"mobile":{"background-color":"var(--ast-global-color-5)","background-image":"","background-repeat":"repeat","background-position":"center center","background-size":"auto","background-attachment":"scroll","background-type":"","background-media":"","overlay-type":"","overlay-color":"","overlay-opacity":"","overlay-gradient":""}}},"product_brand":[],"product_cat":[25],"product_tag":[],"class_list":{"0":"post-4273","1":"product","2":"type-product","3":"status-publish","4":"has-post-thumbnail","6":"product_cat-capsulas","7":"desktop-align-center","8":"tablet-align-center","9":"mobile-align-center","11":"first","12":"instock","13":"shipping-taxable","14":"purchasable","15":"product-type-simple"},"_links":{"self":[{"href":"https:\/\/www.dircealves.com.br\/ljda\/wp-json\/wp\/v2\/product\/4273","targetHints":{"allow":["GET"]}}],"collection":[{"href":"https:\/\/www.dircealves.com.br\/ljda\/wp-json\/wp\/v2\/product"}],"about":[{"href":"https:\/\/www.dircealves.com.br\/ljda\/wp-json\/wp\/v2\/types\/product"}],"replies":[{"embeddable":true,"href":"https:\/\/www.dircealves.com.br\/ljda\/wp-json\/wp\/v2\/comments?post=4273"}],"wp:featuredmedia":[{"embeddable":true,"href":"https:\/\/www.dircealves.com.br\/ljda\/wp-json\/wp\/v2\/media\/4274"}],"wp:attachment":[{"href":"https:\/\/www.dircealves.com.br\/ljda\/wp-json\/wp\/v2\/media?parent=4273"}],"wp:term":[{"taxonomy":"product_brand","embeddable":true,"href":"https:\/\/www.dircealves.com.br\/ljda\/wp-json\/wp\/v2\/product_brand?post=4273"},{"taxonomy":"product_cat","embeddable":true,"href":"https:\/\/www.dircealves.com.br\/ljda\/wp-json\/wp\/v2\/product_cat?post=4273"},{"taxonomy":"product_tag","embeddable":true,"href":"https:\/\/www.dircealves.com.br\/ljda\/wp-json\/wp\/v2\/product_tag?post=4273"}],"curies":[{"name":"wp","href":"https:\/\/api.w.org\/{rel}","templated":true}]}}