{"id":4259,"date":"2023-12-26T23:25:11","date_gmt":"2023-12-27T02:25:11","guid":{"rendered":"http:\/\/www.dircealves.com.br\/ljda\/?post_type=product&#038;p=4259"},"modified":"2024-12-11T19:38:15","modified_gmt":"2024-12-11T22:38:15","slug":"colageno-com-vitamina-c-60-comprimidos","status":"publish","type":"product","link":"https:\/\/www.dircealves.com.br\/ljda\/produto\/colageno-com-vitamina-c-60-comprimidos\/","title":{"rendered":"Col\u00e1geno com Vitamina C 60 comprimidos"},"content":{"rendered":"<p>A uni\u00e3o do col\u00e1geno com a vitamina C, favorece a absor\u00e7\u00e3o e efeito junto ao organismo. A vitamina C, participa do processo de forma\u00e7\u00e3o de fibras colagenosas<\/p>\n<p><strong>Ingredientes<\/strong><\/p>\n<p>Col\u00e1geno Hidrolisado e \u00c1cido Asc\u00f3rbico. Emulsificante Hidroxipropilmetilcelulose, Estabilizante Croscarmelose S\u00f3dica, Ve\u00edculo Maltodextrina e Polietilenoglicol, Lubrificante Estearato de Magn\u00e9sio, Antiumectante Carbonato de C\u00e1lcio e Di\u00f3xido de Sil\u00edcio, Espessante Talco e Corante Di\u00f3xido de Tit\u00e2nio. N\u00c3O CONT\u00c9M GL\u00daTEN<\/p>\n<p><strong>Recomenda\u00e7\u00e3o de Uso<\/strong><\/p>\n<p>Ingerir 2 comprimidos ao dia. Preferencialmente consumir longe das refei\u00e7\u00f5es.<\/p>\n<p><strong>Sinergia de Vitaminas e Minerias<\/strong><\/p>\n<p>Evitar consumir pr\u00f3ximo ao almo\u00e7o e jantar, para n\u00e3o interferir na absor\u00e7\u00e3o dos nutrientes.<\/p>\n<p>&nbsp;<\/p>\n","protected":false},"excerpt":{"rendered":"<p>A uni\u00e3o do col\u00e1geno com a vitamina C, favorece a absor\u00e7\u00e3o e efeito junto ao organismo. A vitamina C, participa do processo de forma\u00e7\u00e3o de fibras colagenosas Ingredientes Col\u00e1geno Hidrolisado e \u00c1cido Asc\u00f3rbico. Emulsificante Hidroxipropilmetilcelulose, Estabilizante Croscarmelose S\u00f3dica, Ve\u00edculo Maltodextrina e Polietilenoglicol, Lubrificante Estearato de Magn\u00e9sio, Antiumectante Carbonato de C\u00e1lcio e Di\u00f3xido de Sil\u00edcio, Espessante [&hellip;]<\/p>\n","protected":false},"featured_media":4260,"comment_status":"open","ping_status":"closed","template":"","meta":{"site-sidebar-layout":"default","site-content-layout":"","ast-site-content-layout":"default","site-content-style":"default","site-sidebar-style":"default","ast-global-header-display":"","ast-banner-title-visibility":"","ast-main-header-display":"","ast-hfb-above-header-display":"","ast-hfb-below-header-display":"","ast-hfb-mobile-header-display":"","site-post-title":"","ast-breadcrumbs-content":"","ast-featured-img":"","footer-sml-layout":"","ast-disable-related-posts":"","theme-transparent-header-meta":"default","adv-header-id-meta":"","stick-header-meta":"","header-above-stick-meta":"","header-main-stick-meta":"","header-below-stick-meta":"","astra-migrate-meta-layouts":"set","ast-page-background-enabled":"default","ast-page-background-meta":{"desktop":{"background-color":"","background-image":"","background-repeat":"repeat","background-position":"center center","background-size":"auto","background-attachment":"scroll","background-type":"","background-media":"","overlay-type":"","overlay-color":"","overlay-opacity":"","overlay-gradient":""},"tablet":{"background-color":"","background-image":"","background-repeat":"repeat","background-position":"center center","background-size":"auto","background-attachment":"scroll","background-type":"","background-media":"","overlay-type":"","overlay-color":"","overlay-opacity":"","overlay-gradient":""},"mobile":{"background-color":"","background-image":"","background-repeat":"repeat","background-position":"center center","background-size":"auto","background-attachment":"scroll","background-type":"","background-media":"","overlay-type":"","overlay-color":"","overlay-opacity":"","overlay-gradient":""}},"ast-content-background-meta":{"desktop":{"background-color":"var(--ast-global-color-5)","background-image":"","background-repeat":"repeat","background-position":"center center","background-size":"auto","background-attachment":"scroll","background-type":"","background-media":"","overlay-type":"","overlay-color":"","overlay-opacity":"","overlay-gradient":""},"tablet":{"background-color":"var(--ast-global-color-5)","background-image":"","background-repeat":"repeat","background-position":"center center","background-size":"auto","background-attachment":"scroll","background-type":"","background-media":"","overlay-type":"","overlay-color":"","overlay-opacity":"","overlay-gradient":""},"mobile":{"background-color":"var(--ast-global-color-5)","background-image":"","background-repeat":"repeat","background-position":"center center","background-size":"auto","background-attachment":"scroll","background-type":"","background-media":"","overlay-type":"","overlay-color":"","overlay-opacity":"","overlay-gradient":""}}},"product_brand":[],"product_cat":[25],"product_tag":[],"class_list":{"0":"post-4259","1":"product","2":"type-product","3":"status-publish","4":"has-post-thumbnail","6":"product_cat-capsulas","7":"desktop-align-center","8":"tablet-align-center","9":"mobile-align-center","11":"first","12":"instock","13":"shipping-taxable","14":"purchasable","15":"product-type-simple"},"_links":{"self":[{"href":"https:\/\/www.dircealves.com.br\/ljda\/wp-json\/wp\/v2\/product\/4259","targetHints":{"allow":["GET"]}}],"collection":[{"href":"https:\/\/www.dircealves.com.br\/ljda\/wp-json\/wp\/v2\/product"}],"about":[{"href":"https:\/\/www.dircealves.com.br\/ljda\/wp-json\/wp\/v2\/types\/product"}],"replies":[{"embeddable":true,"href":"https:\/\/www.dircealves.com.br\/ljda\/wp-json\/wp\/v2\/comments?post=4259"}],"wp:featuredmedia":[{"embeddable":true,"href":"https:\/\/www.dircealves.com.br\/ljda\/wp-json\/wp\/v2\/media\/4260"}],"wp:attachment":[{"href":"https:\/\/www.dircealves.com.br\/ljda\/wp-json\/wp\/v2\/media?parent=4259"}],"wp:term":[{"taxonomy":"product_brand","embeddable":true,"href":"https:\/\/www.dircealves.com.br\/ljda\/wp-json\/wp\/v2\/product_brand?post=4259"},{"taxonomy":"product_cat","embeddable":true,"href":"https:\/\/www.dircealves.com.br\/ljda\/wp-json\/wp\/v2\/product_cat?post=4259"},{"taxonomy":"product_tag","embeddable":true,"href":"https:\/\/www.dircealves.com.br\/ljda\/wp-json\/wp\/v2\/product_tag?post=4259"}],"curies":[{"name":"wp","href":"https:\/\/api.w.org\/{rel}","templated":true}]}}