{"id":3917,"date":"2021-08-19T20:26:01","date_gmt":"2021-08-19T23:26:01","guid":{"rendered":"http:\/\/www.dircealves.com.br\/ljda\/?post_type=product&#038;p=3917"},"modified":"2024-12-11T20:06:35","modified_gmt":"2024-12-11T23:06:35","slug":"conjunto-que-hidrata-promocional","status":"publish","type":"product","link":"https:\/\/www.dircealves.com.br\/ljda\/produto\/conjunto-que-hidrata-promocional\/","title":{"rendered":"Conjunto que Hidrata &#8211; Promocional"},"content":{"rendered":"<p>Este conjunto foi feito pensando em voc\u00ea que gosta de cuidar dos seus cabelo e da sua pele.<\/p>\n<p>Nele voc\u00ea vai encontrar produtos Dirce Alves de \u00f3tima qualidade e de efic\u00e1cia testada e aprovada por milhares de clientes que j\u00e1 utilizaram nossos produtos.<\/p>\n<p><strong>COM TEM:<\/strong><\/p>\n<p><span style=\"color: #ff0000;\"><strong>CONDICIONADOR CAPILAR DE CAL\u00caNDULA DIRCE ALVES<\/strong> <\/span>: Cal\u00eandula \u00e9 um g\u00eanero de plantas pertencentes \u00e0 fam\u00edlia Asteraceae, vulgarmente chamadas cal\u00eandulas ou maravilhas. \u00c9 na fabrica\u00e7\u00e3o de cosm\u00e9ticos que a cal\u00eandula faz o seu reinado: os diversos princ\u00edpios ativos da planta s\u00e3o respons\u00e1veis pelos eficientes efeitos no tratamento de pele e cabelos.<\/p>\n<p><span style=\"color: #ff0000;\"><strong>SHAMPOO DE CAL\u00caNDULA DIRCE ALVES :<\/strong> <\/span>\u00c9 na fabrica\u00e7\u00e3o de cosm\u00e9ticos que a cal\u00eandula faz o seu reinado: os diversos princ\u00edpios ativos da planta s\u00e3o respons\u00e1veis pelos eficientes efeitos no tratamento de pele e cabelos. A calendulina, por exemplo, um pigmento que d\u00e1 a cor alaranjada \u00e0s p\u00e9talas, presente em boas doses nas flores, juntamente com a resina e a mucilagem, s\u00e3o respons\u00e1veis pelos poderes regeneradores e cicatrizantes.<\/p>\n<p><span style=\"color: #ff0000;\"><strong>Creme Hidratante Facial com \u00e1cido Hialur\u00f4nico Dirce Alves<\/strong><\/span> \u2013 pele normal e seca (frasco azul) : Reduz as rugas, linhas de express\u00e3o e manchas senis, facilita a cicatriza\u00e7\u00e3o, regenera e hidrata a pele. Hidrata a pele, deixando-a mais suave e macia. Cont\u00e9m um poderoso agente hidratante, o \u00e1cido hialur\u00f4nico, que forma um filme sobre a pele, mantendo a umecta\u00e7\u00e3o natural. Base especialmente desenvolvida para as pelas normais e secas, conferindo hidrata\u00e7\u00e3o extra.<\/p>\n<p>&nbsp;<\/p>\n<p>N\u00e3o perca mais tempo! Compre agora e recebe em sua casa !<\/p>\n","protected":false},"excerpt":{"rendered":"<p>Este conjunto foi feito pensando em voc\u00ea que gosta de cuidar dos seus cabelho e da sua pele.<\/p>\n<p>Nele voc\u00ea vai encontrar produtos Dirce Alves de \u00f3tima qualidade e de efic\u00e1cia testada e aprovada por milhares de clientes que j\u00e1 utilizaram nossos produtos.<\/p>\n","protected":false},"featured_media":3916,"comment_status":"closed","ping_status":"closed","template":"","meta":{"site-sidebar-layout":"default","site-content-layout":"default","ast-site-content-layout":"default","site-content-style":"default","site-sidebar-style":"default","ast-global-header-display":"","ast-banner-title-visibility":"","ast-main-header-display":"","ast-hfb-above-header-display":"","ast-hfb-below-header-display":"","ast-hfb-mobile-header-display":"","site-post-title":"","ast-breadcrumbs-content":"","ast-featured-img":"","footer-sml-layout":"","ast-disable-related-posts":"","theme-transparent-header-meta":"default","adv-header-id-meta":"","stick-header-meta":"","header-above-stick-meta":"","header-main-stick-meta":"","header-below-stick-meta":"","astra-migrate-meta-layouts":"set","ast-page-background-enabled":"default","ast-page-background-meta":{"desktop":{"background-color":"","background-image":"","background-repeat":"repeat","background-position":"center center","background-size":"auto","background-attachment":"scroll","background-type":"","background-media":"","overlay-type":"","overlay-color":"","overlay-opacity":"","overlay-gradient":""},"tablet":{"background-color":"","background-image":"","background-repeat":"repeat","background-position":"center center","background-size":"auto","background-attachment":"scroll","background-type":"","background-media":"","overlay-type":"","overlay-color":"","overlay-opacity":"","overlay-gradient":""},"mobile":{"background-color":"","background-image":"","background-repeat":"repeat","background-position":"center center","background-size":"auto","background-attachment":"scroll","background-type":"","background-media":"","overlay-type":"","overlay-color":"","overlay-opacity":"","overlay-gradient":""}},"ast-content-background-meta":{"desktop":{"background-color":"var(--ast-global-color-5)","background-image":"","background-repeat":"repeat","background-position":"center center","background-size":"auto","background-attachment":"scroll","background-type":"","background-media":"","overlay-type":"","overlay-color":"","overlay-opacity":"","overlay-gradient":""},"tablet":{"background-color":"var(--ast-global-color-5)","background-image":"","background-repeat":"repeat","background-position":"center center","background-size":"auto","background-attachment":"scroll","background-type":"","background-media":"","overlay-type":"","overlay-color":"","overlay-opacity":"","overlay-gradient":""},"mobile":{"background-color":"var(--ast-global-color-5)","background-image":"","background-repeat":"repeat","background-position":"center center","background-size":"auto","background-attachment":"scroll","background-type":"","background-media":"","overlay-type":"","overlay-color":"","overlay-opacity":"","overlay-gradient":""}}},"product_brand":[],"product_cat":[18,19,50],"product_tag":[],"class_list":{"0":"post-3917","1":"product","2":"type-product","3":"status-publish","4":"has-post-thumbnail","6":"product_cat-conjuntos","7":"product_cat-cosmeticos","8":"product_cat-kits","9":"desktop-align-center","10":"tablet-align-center","11":"mobile-align-center","13":"first","14":"instock","15":"sale","16":"shipping-taxable","17":"purchasable","18":"product-type-simple"},"_links":{"self":[{"href":"https:\/\/www.dircealves.com.br\/ljda\/wp-json\/wp\/v2\/product\/3917","targetHints":{"allow":["GET"]}}],"collection":[{"href":"https:\/\/www.dircealves.com.br\/ljda\/wp-json\/wp\/v2\/product"}],"about":[{"href":"https:\/\/www.dircealves.com.br\/ljda\/wp-json\/wp\/v2\/types\/product"}],"replies":[{"embeddable":true,"href":"https:\/\/www.dircealves.com.br\/ljda\/wp-json\/wp\/v2\/comments?post=3917"}],"wp:featuredmedia":[{"embeddable":true,"href":"https:\/\/www.dircealves.com.br\/ljda\/wp-json\/wp\/v2\/media\/3916"}],"wp:attachment":[{"href":"https:\/\/www.dircealves.com.br\/ljda\/wp-json\/wp\/v2\/media?parent=3917"}],"wp:term":[{"taxonomy":"product_brand","embeddable":true,"href":"https:\/\/www.dircealves.com.br\/ljda\/wp-json\/wp\/v2\/product_brand?post=3917"},{"taxonomy":"product_cat","embeddable":true,"href":"https:\/\/www.dircealves.com.br\/ljda\/wp-json\/wp\/v2\/product_cat?post=3917"},{"taxonomy":"product_tag","embeddable":true,"href":"https:\/\/www.dircealves.com.br\/ljda\/wp-json\/wp\/v2\/product_tag?post=3917"}],"curies":[{"name":"wp","href":"https:\/\/api.w.org\/{rel}","templated":true}]}}