{"id":3909,"date":"2021-06-29T15:16:49","date_gmt":"2021-06-29T18:16:49","guid":{"rendered":"http:\/\/www.dircealves.com.br\/ljda\/?post_type=product&#038;p=3909"},"modified":"2024-12-11T20:05:32","modified_gmt":"2024-12-11T23:05:32","slug":"creme-hidratante-facial-com-acido-hialuronico-dirce-alves-pele-normal-e-seca","status":"publish","type":"product","link":"https:\/\/www.dircealves.com.br\/ljda\/produto\/creme-hidratante-facial-com-acido-hialuronico-dirce-alves-pele-normal-e-seca\/","title":{"rendered":"Creme Hidratante Facial com \u00e1cido Hialur\u00f4nico Dirce Alves \u2013 pele normal e seca"},"content":{"rendered":"<p>Creme Hidratante Facial com \u00e1cido Hialur\u00f4nico Dirce Alves \u2013 pele normal e seca (frasco azul) : Reduz as rugas, linhas de express\u00e3o e manchas senis, facilita a cicatriza\u00e7\u00e3o, regenera e hidrata a pele. Hidrata a pele, deixando-a mais suave e macia. Cont\u00e9m um poderoso agente hidratante, o \u00e1cido hialur\u00f4nico, que forma um filme sobre a pele, mantendo a umecta\u00e7\u00e3o natural. Base especialmente desenvolvida para as pelas normais e secas, conferindo hidrata\u00e7\u00e3o extra. Conforme a idade chega, \u00e9 inevit\u00e1vel a apari\u00e7\u00e3o de sinais e imperfei\u00e7\u00f5es em nossos rostos, que desejamos tanto que ficassem lisos e perfeitos para sempre. Em muitos casos, a solu\u00e7\u00e3o para este problema est\u00e1 em nosso pr\u00f3prio organismo: o \u00e1cido hialur\u00f4nico. A nossa pele, quando jovem \u00e9 caracteristicamente lisa e el\u00e1stica. Cont\u00e9m muito \u00e1cido hialur\u00f4nico, que \u00e9 uma subst\u00e2ncia do nosso organismo que preenche os espa\u00e7os entre as c\u00e9lulas. Com o avan\u00e7o da idade o \u00e1cido hialur\u00f4nico diminui, diminuindo tamb\u00e9m a hidrata\u00e7\u00e3o e elasticidade da pele, o que contribui para o surgimento de rugas. O \u00e1cido hialur\u00f4nico \u00e9 uma subst\u00e2ncia naturalmente presente no organismo humano, uma mol\u00e9cula de a\u00e7\u00facar que atrai a \u00e1gua e pode atuar como um lubrificante e absorver choques em partes m\u00f3veis do corpo como as articula\u00e7\u00f5es. Do \u00e1cido hialur\u00f4nico no nosso corpo, 56% dele est\u00e1 na pele, onde ele atua preenchendo o espa\u00e7o entre as c\u00e9lulas, o que a mant\u00e9m lisa, el\u00e1stica e bem hidratada. Por\u00e9m, com o tempo, sua concentra\u00e7\u00e3o na pele diminui o que causa o aparecimento de rugas e tamb\u00e9m seu ressecamento. Outra ideia errada que muitos t\u00eam sobre \u00e1cido hialur\u00f4nico \u00e9 que, por ter a palavra \u201c\u00e1cido\u201d no nome, esta subst\u00e2ncia esfoliaria a pele. Tamb\u00e9m n\u00e3o tem nada a ver uma coisa com a outra. \u00c1cido hialur\u00f4nico s\u00f3 \u00e9 chamado de \u00e1cido porque em rela\u00e7\u00e3o \u00e0 \u00e1gua pura (pH 7) a subst\u00e2ncia tem um pH menor em solu\u00e7\u00e3o. Mas para a pele em si, o \u00e1cido hialur\u00f4nico \u00e9 por volta de neutro.<\/p>\n<p>&nbsp;<\/p>\n<p><strong>Agora ficou mais f\u00e1cil, r\u00e1pido e seguro realizar suas compras dos produtos Dirce Alves! Clique no bot\u00e3o abaixo do PAGSEGURO que aceita v\u00e1rios cart\u00f5es e receba este produto em sua casa!<\/strong><\/p>\n","protected":false},"excerpt":{"rendered":"<p>Creme Hidratante Facial com \u00e1cido Hialur\u00f4nico Dirce Alves \u2013 pele normal e seca (frasco azul) : Reduz as rugas, linhas de express\u00e3o e manchas senis, facilita a cicatriza\u00e7\u00e3o, regenera e hidrata a pele. Hidrata a pele, deixando-a mais suave e macia. Cont\u00e9m um poderoso agente hidratante, o \u00e1cido hialur\u00f4nico, que forma um filme sobre a [&hellip;]<\/p>\n","protected":false},"featured_media":3910,"comment_status":"open","ping_status":"closed","template":"","meta":{"site-sidebar-layout":"default","site-content-layout":"default","ast-site-content-layout":"default","site-content-style":"default","site-sidebar-style":"default","ast-global-header-display":"","ast-banner-title-visibility":"","ast-main-header-display":"","ast-hfb-above-header-display":"","ast-hfb-below-header-display":"","ast-hfb-mobile-header-display":"","site-post-title":"","ast-breadcrumbs-content":"","ast-featured-img":"","footer-sml-layout":"","ast-disable-related-posts":"","theme-transparent-header-meta":"default","adv-header-id-meta":"","stick-header-meta":"","header-above-stick-meta":"","header-main-stick-meta":"","header-below-stick-meta":"","astra-migrate-meta-layouts":"set","ast-page-background-enabled":"default","ast-page-background-meta":{"desktop":{"background-color":"","background-image":"","background-repeat":"repeat","background-position":"center center","background-size":"auto","background-attachment":"scroll","background-type":"","background-media":"","overlay-type":"","overlay-color":"","overlay-opacity":"","overlay-gradient":""},"tablet":{"background-color":"","background-image":"","background-repeat":"repeat","background-position":"center center","background-size":"auto","background-attachment":"scroll","background-type":"","background-media":"","overlay-type":"","overlay-color":"","overlay-opacity":"","overlay-gradient":""},"mobile":{"background-color":"","background-image":"","background-repeat":"repeat","background-position":"center center","background-size":"auto","background-attachment":"scroll","background-type":"","background-media":"","overlay-type":"","overlay-color":"","overlay-opacity":"","overlay-gradient":""}},"ast-content-background-meta":{"desktop":{"background-color":"var(--ast-global-color-5)","background-image":"","background-repeat":"repeat","background-position":"center center","background-size":"auto","background-attachment":"scroll","background-type":"","background-media":"","overlay-type":"","overlay-color":"","overlay-opacity":"","overlay-gradient":""},"tablet":{"background-color":"var(--ast-global-color-5)","background-image":"","background-repeat":"repeat","background-position":"center center","background-size":"auto","background-attachment":"scroll","background-type":"","background-media":"","overlay-type":"","overlay-color":"","overlay-opacity":"","overlay-gradient":""},"mobile":{"background-color":"var(--ast-global-color-5)","background-image":"","background-repeat":"repeat","background-position":"center center","background-size":"auto","background-attachment":"scroll","background-type":"","background-media":"","overlay-type":"","overlay-color":"","overlay-opacity":"","overlay-gradient":""}}},"product_brand":[],"product_cat":[19],"product_tag":[],"class_list":{"0":"post-3909","1":"product","2":"type-product","3":"status-publish","4":"has-post-thumbnail","6":"product_cat-cosmeticos","7":"desktop-align-center","8":"tablet-align-center","9":"mobile-align-center","11":"first","12":"instock","13":"shipping-taxable","14":"purchasable","15":"product-type-simple"},"_links":{"self":[{"href":"https:\/\/www.dircealves.com.br\/ljda\/wp-json\/wp\/v2\/product\/3909","targetHints":{"allow":["GET"]}}],"collection":[{"href":"https:\/\/www.dircealves.com.br\/ljda\/wp-json\/wp\/v2\/product"}],"about":[{"href":"https:\/\/www.dircealves.com.br\/ljda\/wp-json\/wp\/v2\/types\/product"}],"replies":[{"embeddable":true,"href":"https:\/\/www.dircealves.com.br\/ljda\/wp-json\/wp\/v2\/comments?post=3909"}],"wp:featuredmedia":[{"embeddable":true,"href":"https:\/\/www.dircealves.com.br\/ljda\/wp-json\/wp\/v2\/media\/3910"}],"wp:attachment":[{"href":"https:\/\/www.dircealves.com.br\/ljda\/wp-json\/wp\/v2\/media?parent=3909"}],"wp:term":[{"taxonomy":"product_brand","embeddable":true,"href":"https:\/\/www.dircealves.com.br\/ljda\/wp-json\/wp\/v2\/product_brand?post=3909"},{"taxonomy":"product_cat","embeddable":true,"href":"https:\/\/www.dircealves.com.br\/ljda\/wp-json\/wp\/v2\/product_cat?post=3909"},{"taxonomy":"product_tag","embeddable":true,"href":"https:\/\/www.dircealves.com.br\/ljda\/wp-json\/wp\/v2\/product_tag?post=3909"}],"curies":[{"name":"wp","href":"https:\/\/api.w.org\/{rel}","templated":true}]}}