{"id":3847,"date":"2021-02-08T19:05:07","date_gmt":"2021-02-08T22:05:07","guid":{"rendered":"http:\/\/www.dircealves.com.br\/ljda\/?post_type=product&#038;p=3847"},"modified":"2024-11-22T14:49:47","modified_gmt":"2024-11-22T17:49:47","slug":"estudo-numerologico","status":"publish","type":"product","link":"https:\/\/www.dircealves.com.br\/ljda\/produto\/estudo-numerologico\/","title":{"rendered":"Estudo Numerol\u00f3gico"},"content":{"rendered":"<p>Estudo numerol\u00f3gico, individual, com a indica\u00e7\u00e3o de dez dezenas e dez milhares, com validade para seis meses.<\/p>\n<p><span style=\"color: #0000ff;\"><strong>Adquira seu estudo enviando:<\/strong><\/span><\/p>\n<p><span style=\"color: #0000ff;\"><strong>Nome completo:\u00a0<\/strong><\/span><\/p>\n<p><span style=\"color: #0000ff;\"><strong>Data de nascimento completa:<\/strong><\/span><\/p>\n<p><span style=\"color: #0000ff;\"><strong>Cidade de nascimento:<\/strong><\/span><\/p>\n<p>&nbsp;<\/p>\n<p><span style=\"color: #ff0000;\">envie seus dados para o<\/span><strong><span style=\"color: #ff0000;\"> e-mail:<\/span> <span id=\"cloak97661\"><span id=\"cloak27110608511068a4bd126359676f54d0\"><a href=\"mailto:contato@dircealves.com.br\">contato@dircealves.com.br<\/a><\/span><\/span><\/strong> <span style=\"color: #ff0000;\">Voc\u00ea receber\u00e1 em sua casa este estudo astrol\u00f3gico, que vai trazer a vis\u00e3o astrol\u00f3gica em sua vida sobre trabalho, amor, finan\u00e7as, sa\u00fade e demais informa\u00e7\u00f5es astrais.<\/span><\/p>\n<p>&nbsp;<\/p>\n<p><strong>Agora ficou mais f\u00e1cil, r\u00e1pido e seguro realizar suas compras dos produtos Dirce Alves! Clique no bot\u00e3o abaixo do PAGSEGURO que aceita v\u00e1rios cart\u00f5es e receba este produto em sua casa!<\/strong><\/p>\n","protected":false},"excerpt":{"rendered":"<p>Estudo numerol\u00f3gico, individual, com a indica\u00e7\u00e3o de dez dezenas e dez milhares, com validade para seis meses. Adquira seu estudo enviando: Nome completo:\u00a0 Data de nascimento completa: Cidade de nascimento: &nbsp; envie seus dados para o e-mail: contato@dircealves.com.br Voc\u00ea receber\u00e1 em sua casa este estudo astrol\u00f3gico, que vai trazer a vis\u00e3o astrol\u00f3gica em sua vida [&hellip;]<\/p>\n","protected":false},"featured_media":3848,"comment_status":"open","ping_status":"closed","template":"","meta":{"site-sidebar-layout":"default","site-content-layout":"default","ast-site-content-layout":"default","site-content-style":"default","site-sidebar-style":"default","ast-global-header-display":"","ast-banner-title-visibility":"","ast-main-header-display":"","ast-hfb-above-header-display":"","ast-hfb-below-header-display":"","ast-hfb-mobile-header-display":"","site-post-title":"","ast-breadcrumbs-content":"","ast-featured-img":"","footer-sml-layout":"","ast-disable-related-posts":"","theme-transparent-header-meta":"default","adv-header-id-meta":"","stick-header-meta":"","header-above-stick-meta":"","header-main-stick-meta":"","header-below-stick-meta":"","astra-migrate-meta-layouts":"set","ast-page-background-enabled":"default","ast-page-background-meta":{"desktop":{"background-color":"","background-image":"","background-repeat":"repeat","background-position":"center center","background-size":"auto","background-attachment":"scroll","background-type":"","background-media":"","overlay-type":"","overlay-color":"","overlay-opacity":"","overlay-gradient":""},"tablet":{"background-color":"","background-image":"","background-repeat":"repeat","background-position":"center center","background-size":"auto","background-attachment":"scroll","background-type":"","background-media":"","overlay-type":"","overlay-color":"","overlay-opacity":"","overlay-gradient":""},"mobile":{"background-color":"","background-image":"","background-repeat":"repeat","background-position":"center center","background-size":"auto","background-attachment":"scroll","background-type":"","background-media":"","overlay-type":"","overlay-color":"","overlay-opacity":"","overlay-gradient":""}},"ast-content-background-meta":{"desktop":{"background-color":"var(--ast-global-color-5)","background-image":"","background-repeat":"repeat","background-position":"center center","background-size":"auto","background-attachment":"scroll","background-type":"","background-media":"","overlay-type":"","overlay-color":"","overlay-opacity":"","overlay-gradient":""},"tablet":{"background-color":"var(--ast-global-color-5)","background-image":"","background-repeat":"repeat","background-position":"center center","background-size":"auto","background-attachment":"scroll","background-type":"","background-media":"","overlay-type":"","overlay-color":"","overlay-opacity":"","overlay-gradient":""},"mobile":{"background-color":"var(--ast-global-color-5)","background-image":"","background-repeat":"repeat","background-position":"center center","background-size":"auto","background-attachment":"scroll","background-type":"","background-media":"","overlay-type":"","overlay-color":"","overlay-opacity":"","overlay-gradient":""}}},"product_brand":[],"product_cat":[45],"product_tag":[],"class_list":{"0":"post-3847","1":"product","2":"type-product","3":"status-publish","4":"has-post-thumbnail","6":"product_cat-estudos","7":"desktop-align-center","8":"tablet-align-center","9":"mobile-align-center","11":"first","12":"instock","13":"shipping-taxable","14":"purchasable","15":"product-type-simple"},"_links":{"self":[{"href":"https:\/\/www.dircealves.com.br\/ljda\/wp-json\/wp\/v2\/product\/3847","targetHints":{"allow":["GET"]}}],"collection":[{"href":"https:\/\/www.dircealves.com.br\/ljda\/wp-json\/wp\/v2\/product"}],"about":[{"href":"https:\/\/www.dircealves.com.br\/ljda\/wp-json\/wp\/v2\/types\/product"}],"replies":[{"embeddable":true,"href":"https:\/\/www.dircealves.com.br\/ljda\/wp-json\/wp\/v2\/comments?post=3847"}],"wp:featuredmedia":[{"embeddable":true,"href":"https:\/\/www.dircealves.com.br\/ljda\/wp-json\/wp\/v2\/media\/3848"}],"wp:attachment":[{"href":"https:\/\/www.dircealves.com.br\/ljda\/wp-json\/wp\/v2\/media?parent=3847"}],"wp:term":[{"taxonomy":"product_brand","embeddable":true,"href":"https:\/\/www.dircealves.com.br\/ljda\/wp-json\/wp\/v2\/product_brand?post=3847"},{"taxonomy":"product_cat","embeddable":true,"href":"https:\/\/www.dircealves.com.br\/ljda\/wp-json\/wp\/v2\/product_cat?post=3847"},{"taxonomy":"product_tag","embeddable":true,"href":"https:\/\/www.dircealves.com.br\/ljda\/wp-json\/wp\/v2\/product_tag?post=3847"}],"curies":[{"name":"wp","href":"https:\/\/api.w.org\/{rel}","templated":true}]}}