{"id":3844,"date":"2021-02-08T19:01:05","date_gmt":"2021-02-08T22:01:05","guid":{"rendered":"http:\/\/www.dircealves.com.br\/ljda\/?post_type=product&#038;p=3844"},"modified":"2024-11-22T14:50:14","modified_gmt":"2024-11-22T17:50:14","slug":"mapa-radical-com-interpretacao","status":"publish","type":"product","link":"https:\/\/www.dircealves.com.br\/ljda\/produto\/mapa-radical-com-interpretacao\/","title":{"rendered":"Mapa Radical com Interpreta\u00e7\u00e3o"},"content":{"rendered":"<p>Mapa Radical de Nascimento, com interpreta\u00e7\u00e3o por escrito (<strong>aproximadamente 20 p\u00e1ginas de interpreta\u00e7\u00e3o<\/strong>), estudo individual do mapa astral de nascimento, com interpreta\u00e7\u00e3o dos planetas nos signos, descri\u00e7\u00e3o do ascendente, dos planetas nas casas, indica\u00e7\u00e3o dos aspectos planet\u00e1rios. Conhe\u00e7a mais sobre sua vida adquirindo o Mapa Radical com Interpreta\u00e7\u00e3o, enviando por e-mail as seguintes informa\u00e7\u00f5es:<\/p>\n<p><span style=\"color: #ff0000;\"><strong>Nome completo:<\/strong><\/span><\/p>\n<p><span style=\"color: #ff0000;\"><strong>Cidade de nascimento:<\/strong><\/span><\/p>\n<p><span style=\"color: #ff0000;\"><strong>Data de nascimento (dia, m\u00eas e ano):<\/strong><\/span><\/p>\n<p><span style=\"color: #ff0000;\"><strong>Hora de nascimento (pelo menos aproximada):<\/strong><\/span><\/p>\n<p>&nbsp;<\/p>\n<p><span style=\"color: #ff0000;\">Envie seus dados para o<\/span><strong><span style=\"color: #ff0000;\"> e-mail:<\/span> <span id=\"cloak25119\"><span id=\"cloak90f8dcdb802279d0acf3f15e42ded64a\"><a href=\"mailto:bomdiaastral@bomdiaastral.com.br\">bomdiaastral@bomdiaastral.com.br<\/a><\/span><\/span><\/strong> ou pelo <a href=\"https:\/\/api.whatsapp.com\/send?phone=5541997411419&amp;text=Ol%C3%A1%2C%20seja%20Bem%20vindo!\" target=\"_blank\" rel=\"noopener\"><span style=\"color: #3366ff;\"><strong>WhatsApp (41) 9 9741-1419<\/strong> <\/span><\/a>.<span style=\"color: #ff0000;\">Voc\u00ea receber\u00e1 em sua casa este estudo astrol\u00f3gico, que vai trazer a vis\u00e3o astrol\u00f3gica em sua vida sobre trabalho, amor, finan\u00e7as, sa\u00fade e demais informa\u00e7\u00f5es astrais.<\/span><\/p>\n<p><strong>Agora ficou mais f\u00e1cil, r\u00e1pido e seguro realizar suas compras dos produtos Dirce Alves! Clique no bot\u00e3o abaixo do PAGSEGURO que aceita v\u00e1rios cart\u00f5es e receba este produto em sua casa!<\/strong><\/p>\n","protected":false},"excerpt":{"rendered":"<p>Mapa Radical de Nascimento, com interpreta\u00e7\u00e3o por escrito (aproximadamente 20 p\u00e1ginas de interpreta\u00e7\u00e3o), estudo individual do mapa astral de nascimento, com interpreta\u00e7\u00e3o dos planetas nos signos, descri\u00e7\u00e3o do ascendente, dos planetas nas casas, indica\u00e7\u00e3o dos aspectos planet\u00e1rios. Conhe\u00e7a mais sobre sua vida adquirindo o Mapa Radical com Interpreta\u00e7\u00e3o, enviando por e-mail as seguintes informa\u00e7\u00f5es: Nome [&hellip;]<\/p>\n","protected":false},"featured_media":3845,"comment_status":"open","ping_status":"closed","template":"","meta":{"site-sidebar-layout":"default","site-content-layout":"default","ast-site-content-layout":"default","site-content-style":"default","site-sidebar-style":"default","ast-global-header-display":"","ast-banner-title-visibility":"","ast-main-header-display":"","ast-hfb-above-header-display":"","ast-hfb-below-header-display":"","ast-hfb-mobile-header-display":"","site-post-title":"","ast-breadcrumbs-content":"","ast-featured-img":"","footer-sml-layout":"","ast-disable-related-posts":"","theme-transparent-header-meta":"default","adv-header-id-meta":"","stick-header-meta":"","header-above-stick-meta":"","header-main-stick-meta":"","header-below-stick-meta":"","astra-migrate-meta-layouts":"set","ast-page-background-enabled":"default","ast-page-background-meta":{"desktop":{"background-color":"","background-image":"","background-repeat":"repeat","background-position":"center center","background-size":"auto","background-attachment":"scroll","background-type":"","background-media":"","overlay-type":"","overlay-color":"","overlay-opacity":"","overlay-gradient":""},"tablet":{"background-color":"","background-image":"","background-repeat":"repeat","background-position":"center center","background-size":"auto","background-attachment":"scroll","background-type":"","background-media":"","overlay-type":"","overlay-color":"","overlay-opacity":"","overlay-gradient":""},"mobile":{"background-color":"","background-image":"","background-repeat":"repeat","background-position":"center center","background-size":"auto","background-attachment":"scroll","background-type":"","background-media":"","overlay-type":"","overlay-color":"","overlay-opacity":"","overlay-gradient":""}},"ast-content-background-meta":{"desktop":{"background-color":"var(--ast-global-color-5)","background-image":"","background-repeat":"repeat","background-position":"center center","background-size":"auto","background-attachment":"scroll","background-type":"","background-media":"","overlay-type":"","overlay-color":"","overlay-opacity":"","overlay-gradient":""},"tablet":{"background-color":"var(--ast-global-color-5)","background-image":"","background-repeat":"repeat","background-position":"center center","background-size":"auto","background-attachment":"scroll","background-type":"","background-media":"","overlay-type":"","overlay-color":"","overlay-opacity":"","overlay-gradient":""},"mobile":{"background-color":"var(--ast-global-color-5)","background-image":"","background-repeat":"repeat","background-position":"center center","background-size":"auto","background-attachment":"scroll","background-type":"","background-media":"","overlay-type":"","overlay-color":"","overlay-opacity":"","overlay-gradient":""}}},"product_brand":[],"product_cat":[45],"product_tag":[],"class_list":{"0":"post-3844","1":"product","2":"type-product","3":"status-publish","4":"has-post-thumbnail","6":"product_cat-estudos","7":"desktop-align-center","8":"tablet-align-center","9":"mobile-align-center","11":"first","12":"instock","13":"shipping-taxable","14":"purchasable","15":"product-type-simple"},"_links":{"self":[{"href":"https:\/\/www.dircealves.com.br\/ljda\/wp-json\/wp\/v2\/product\/3844","targetHints":{"allow":["GET"]}}],"collection":[{"href":"https:\/\/www.dircealves.com.br\/ljda\/wp-json\/wp\/v2\/product"}],"about":[{"href":"https:\/\/www.dircealves.com.br\/ljda\/wp-json\/wp\/v2\/types\/product"}],"replies":[{"embeddable":true,"href":"https:\/\/www.dircealves.com.br\/ljda\/wp-json\/wp\/v2\/comments?post=3844"}],"wp:featuredmedia":[{"embeddable":true,"href":"https:\/\/www.dircealves.com.br\/ljda\/wp-json\/wp\/v2\/media\/3845"}],"wp:attachment":[{"href":"https:\/\/www.dircealves.com.br\/ljda\/wp-json\/wp\/v2\/media?parent=3844"}],"wp:term":[{"taxonomy":"product_brand","embeddable":true,"href":"https:\/\/www.dircealves.com.br\/ljda\/wp-json\/wp\/v2\/product_brand?post=3844"},{"taxonomy":"product_cat","embeddable":true,"href":"https:\/\/www.dircealves.com.br\/ljda\/wp-json\/wp\/v2\/product_cat?post=3844"},{"taxonomy":"product_tag","embeddable":true,"href":"https:\/\/www.dircealves.com.br\/ljda\/wp-json\/wp\/v2\/product_tag?post=3844"}],"curies":[{"name":"wp","href":"https:\/\/api.w.org\/{rel}","templated":true}]}}