
{"id":24,"date":"2019-07-02T18:11:33","date_gmt":"2019-07-02T21:11:33","guid":{"rendered":"http:\/\/axilthemes.com\/themes\/axilnews\/?page_id=24"},"modified":"2021-09-13T14:12:51","modified_gmt":"2021-09-13T17:12:51","slug":"contato","status":"publish","type":"page","link":"https:\/\/www.dircealves.com.br\/da\/contato\/","title":{"rendered":"Contato"},"content":{"rendered":"\t\t<div data-elementor-type=\"wp-post\" data-elementor-id=\"24\" class=\"elementor elementor-24\" data-elementor-post-type=\"page\">\n\t\t\t\t\t\t<section class=\"elementor-section elementor-top-section elementor-element elementor-element-0a00cb5 elementor-section-boxed elementor-section-height-default elementor-section-height-default\" data-id=\"0a00cb5\" data-element_type=\"section\" data-e-type=\"section\">\n\t\t\t\t\t\t<div class=\"elementor-container elementor-column-gap-extended\">\n\t\t\t\t\t<div class=\"elementor-column elementor-col-16 elementor-top-column elementor-element elementor-element-c9fb3f3\" data-id=\"c9fb3f3\" data-element_type=\"column\" data-e-type=\"column\">\n\t\t\t<div class=\"elementor-widget-wrap\">\n\t\t\t\t\t\t\t<\/div>\n\t\t<\/div>\n\t\t\t\t<div class=\"elementor-column elementor-col-66 elementor-top-column elementor-element elementor-element-cf8217c\" data-id=\"cf8217c\" data-element_type=\"column\" data-e-type=\"column\">\n\t\t\t<div class=\"elementor-widget-wrap elementor-element-populated\">\n\t\t\t\t\t\t<div class=\"elementor-element elementor-element-6a7a5c1 elementor-widget elementor-widget-text-editor\" data-id=\"6a7a5c1\" data-element_type=\"widget\" data-e-type=\"widget\" data-widget_type=\"text-editor.default\">\n\t\t\t\t<div class=\"elementor-widget-container\">\n\t\t\t\t\t\t\t\t\t<h2 class=\"axil-title m-b-xs-20\">Loja do Bom Dia Astral<br><\/h2>\n<p>Em nossa Loja f\u00edsica voc\u00ea encontra produtos de beleza com a marca Dirce Alves, presentes, artigos religiosos e para sua sa\u00fade. Venha nos visitar.<br><\/p>\t\t\t\t\t\t\t\t<\/div>\n\t\t\t\t<\/div>\n\t\t\t\t\t<\/div>\n\t\t<\/div>\n\t\t\t\t<div class=\"elementor-column elementor-col-16 elementor-top-column elementor-element elementor-element-6f1018d\" data-id=\"6f1018d\" data-element_type=\"column\" data-e-type=\"column\">\n\t\t\t<div class=\"elementor-widget-wrap\">\n\t\t\t\t\t\t\t<\/div>\n\t\t<\/div>\n\t\t\t\t\t<\/div>\n\t\t<\/section>\n\t\t\t\t<section class=\"elementor-section elementor-top-section elementor-element elementor-element-c35ac97 elementor-section-boxed elementor-section-height-default elementor-section-height-default\" data-id=\"c35ac97\" data-element_type=\"section\" data-e-type=\"section\">\n\t\t\t\t\t\t<div class=\"elementor-container elementor-column-gap-no\">\n\t\t\t\t\t<div class=\"elementor-column elementor-col-100 elementor-top-column elementor-element elementor-element-12c0dee\" data-id=\"12c0dee\" data-element_type=\"column\" data-e-type=\"column\">\n\t\t\t<div class=\"elementor-widget-wrap elementor-element-populated\">\n\t\t\t\t\t\t<div class=\"elementor-element elementor-element-348833c elementor-widget elementor-widget-image\" data-id=\"348833c\" data-element_type=\"widget\" data-e-type=\"widget\" data-widget_type=\"image.default\">\n\t\t\t\t<div class=\"elementor-widget-container\">\n\t\t\t\t\t\t\t\t\t\t\t\t\t\t\t<img fetchpriority=\"high\" decoding=\"async\" width=\"650\" height=\"569\" src=\"https:\/\/www.dircealves.com.br\/da\/wp-content\/uploads\/2021\/09\/Loja_dirce.jpg\" class=\"attachment-full size-full wp-image-2689\" alt=\"\" srcset=\"https:\/\/www.dircealves.com.br\/da\/wp-content\/uploads\/2021\/09\/Loja_dirce.jpg 650w, https:\/\/www.dircealves.com.br\/da\/wp-content\/uploads\/2021\/09\/Loja_dirce-300x263.jpg 300w, https:\/\/www.dircealves.com.br\/da\/wp-content\/uploads\/2021\/09\/Loja_dirce-600x525.jpg 600w\" sizes=\"(max-width: 650px) 100vw, 650px\" \/>\t\t\t\t\t\t\t\t\t\t\t\t\t\t\t<\/div>\n\t\t\t\t<\/div>\n\t\t\t\t\t<\/div>\n\t\t<\/div>\n\t\t\t\t\t<\/div>\n\t\t<\/section>\n\t\t\t\t<section class=\"elementor-section elementor-top-section elementor-element elementor-element-f157f82 elementor-section-content-middle elementor-section-stretched elementor-section-boxed elementor-section-height-default elementor-section-height-default\" data-id=\"f157f82\" data-element_type=\"section\" data-e-type=\"section\" data-settings=\"{&quot;background_background&quot;:&quot;classic&quot;,&quot;stretch_section&quot;:&quot;section-stretched&quot;}\">\n\t\t\t\t\t\t<div class=\"elementor-container elementor-column-gap-extended\">\n\t\t\t\t\t<div class=\"elementor-column elementor-col-66 elementor-top-column elementor-element elementor-element-84753ed\" data-id=\"84753ed\" data-element_type=\"column\" data-e-type=\"column\" data-settings=\"{&quot;background_background&quot;:&quot;classic&quot;}\">\n\t\t\t<div class=\"elementor-widget-wrap elementor-element-populated\">\n\t\t\t\t\t\t<section class=\"elementor-section elementor-inner-section elementor-element elementor-element-a959429 elementor-section-boxed elementor-section-height-default elementor-section-height-default\" data-id=\"a959429\" data-element_type=\"section\" data-e-type=\"section\" data-settings=\"{&quot;background_background&quot;:&quot;classic&quot;}\">\n\t\t\t\t\t\t<div class=\"elementor-container elementor-column-gap-no\">\n\t\t\t\t\t<div class=\"elementor-column elementor-col-100 elementor-inner-column elementor-element elementor-element-5a1a3e6\" data-id=\"5a1a3e6\" data-element_type=\"column\" data-e-type=\"column\">\n\t\t\t<div class=\"elementor-widget-wrap elementor-element-populated\">\n\t\t\t\t\t\t\t<\/div>\n\t\t<\/div>\n\t\t\t\t\t<\/div>\n\t\t<\/section>\n\t\t\t\t\t<\/div>\n\t\t<\/div>\n\t\t\t\t<div class=\"elementor-column elementor-col-33 elementor-top-column elementor-element elementor-element-6511f0b\" data-id=\"6511f0b\" data-element_type=\"column\" data-e-type=\"column\">\n\t\t\t<div class=\"elementor-widget-wrap elementor-element-populated\">\n\t\t\t\t\t\t<div class=\"elementor-element elementor-element-1a7a7bb elementor-widget elementor-widget-papr-contact-info\" data-id=\"1a7a7bb\" data-element_type=\"widget\" data-e-type=\"widget\" data-widget_type=\"papr-contact-info.default\">\n\t\t\t\t<div class=\"elementor-widget-container\">\n\t\t\t\t\t<div class=\"axil-contact-info-wrapper p-l-lg-45 m-b-xs-30\">\n    <div class=\"axil-contact-info-inner\">\n                <h2 class=\"h4 m-b-xs-10\"> Informa\u00e7\u00f5es de Contato <\/h2>\n                <div class=\"axil-contact-info\">\n            <address class=\"address\">\n                                    <p class=\"m-b-xs-30 mid grey-dark-three\">Rua Emiliano Perneta 30 - Centro <br> Curitiba - PR<\/p>\n                                                        <h3 class=\"h5\"> Estamos dispon\u00edveis. Ligue agora. <\/h3>\n                                                    <div>\n                        <a class=\"tel\" href=\"tel:(41) 3233-9138\"><i class=\"fas fa-phone\"><\/i>(41) 3233-9138<\/a>\n                    <\/div>\n                                                                        <div>\n                        <a class=\"tel\" href=\"mailto:dircebomdia@gmail.com\"><i class=\"fas fa-envelope\"><\/i>dircebomdia@gmail.com<\/a>\n                    <\/div>\n                                <\/address>\n            <!-- End of address -->\n                            <div class=\"contact-social-share m-t-xs-30\">\n                                            <div class=\"axil-social-title h5\"> Encontre-nos aqui <\/div>\n                                        <ul class=\"social-share social-share__with-bg\">\n                                                    <li><a href=\"https:\/\/www.facebook.com\/DirceAlveshoroscopo\/\"  target=\"_blank\"><i class=\"fab fa-facebook-f\"><\/i><\/a><\/li>\n                                                    <li><a href=\"#\"  target=\"_blank\"><i class=\"fab fa-twitter\"><\/i><\/a><\/li>\n                                                    <li><a href=\"#\"  target=\"_blank\"><i class=\"fab fa-linkedin-in\"><\/i><\/a><\/li>\n                                                    <li><a href=\"https:\/\/www.youtube.com\/watch?v=9chZ9R8hC-0&#038;list=PLX-poZ_KJCJ3bD1W3r9YKFaJgP7LKAHPS\"  target=\"_blank\"><i class=\"fab fa-youtube\"><\/i><\/a><\/li>\n                                                    <li><a href=\"#\"  target=\"_blank\"><i class=\"fab fa-pinterest\"><\/i><\/a><\/li>\n                                                    <li><a href=\"https:\/\/www.instagram.com\/dircealvesjornalista\/\"  target=\"_blank\"><i class=\"fab fa-instagram\"><\/i><\/a><\/li>\n                                            <\/ul>\n                <\/div>\n                        <!-- End of .contact-shsdf -->\n        <\/div>\n        <!-- End of .axil-contact-info -->\n    <\/div>\n    <!-- End of .axil-contact-info-inner -->\n<\/div>\n<!-- End of .axil-contact-info-wrapper -->\n\t\t\t\t<\/div>\n\t\t\t\t<\/div>\n\t\t\t\t<section class=\"elementor-section elementor-inner-section elementor-element elementor-element-e7f2572 elementor-section-boxed elementor-section-height-default elementor-section-height-default\" data-id=\"e7f2572\" data-element_type=\"section\" data-e-type=\"section\">\n\t\t\t\t\t\t<div class=\"elementor-container elementor-column-gap-no\">\n\t\t\t\t\t<div class=\"elementor-column elementor-col-100 elementor-inner-column elementor-element elementor-element-6772488\" data-id=\"6772488\" data-element_type=\"column\" data-e-type=\"column\">\n\t\t\t<div class=\"elementor-widget-wrap\">\n\t\t\t\t\t\t\t<\/div>\n\t\t<\/div>\n\t\t\t\t\t<\/div>\n\t\t<\/section>\n\t\t\t\t\t<\/div>\n\t\t<\/div>\n\t\t\t\t\t<\/div>\n\t\t<\/section>\n\t\t\t\t<section class=\"elementor-section elementor-top-section elementor-element elementor-element-df9d3a8 elementor-section-boxed elementor-section-height-default elementor-section-height-default\" data-id=\"df9d3a8\" data-element_type=\"section\" data-e-type=\"section\">\n\t\t\t\t\t\t<div class=\"elementor-container elementor-column-gap-extended\">\n\t\t\t\t\t<div class=\"elementor-column elementor-col-100 elementor-top-column elementor-element elementor-element-7e4e3a5\" data-id=\"7e4e3a5\" data-element_type=\"column\" data-e-type=\"column\">\n\t\t\t<div class=\"elementor-widget-wrap elementor-element-populated\">\n\t\t\t\t\t\t<div class=\"elementor-element elementor-element-e8906a9 elementor-widget elementor-widget-heading\" data-id=\"e8906a9\" data-element_type=\"widget\" data-e-type=\"widget\" data-widget_type=\"heading.default\">\n\t\t\t\t<div class=\"elementor-widget-container\">\n\t\t\t\t\t<h2 class=\"elementor-heading-title elementor-size-default\">Localiza\u00e7\u00e3o<\/h2>\t\t\t\t<\/div>\n\t\t\t\t<\/div>\n\t\t\t\t\t<\/div>\n\t\t<\/div>\n\t\t\t\t\t<\/div>\n\t\t<\/section>\n\t\t\t\t<section class=\"elementor-section elementor-top-section elementor-element elementor-element-dceeb2a elementor-section-boxed elementor-section-height-default elementor-section-height-default\" data-id=\"dceeb2a\" data-element_type=\"section\" data-e-type=\"section\">\n\t\t\t\t\t\t<div class=\"elementor-container elementor-column-gap-extended\">\n\t\t\t\t\t<div class=\"elementor-column elementor-col-100 elementor-top-column elementor-element elementor-element-4654e8b\" data-id=\"4654e8b\" data-element_type=\"column\" data-e-type=\"column\">\n\t\t\t<div class=\"elementor-widget-wrap elementor-element-populated\">\n\t\t\t\t\t\t<div class=\"elementor-element elementor-element-5357f70 elementor-widget elementor-widget-google_maps\" data-id=\"5357f70\" data-element_type=\"widget\" data-e-type=\"widget\" data-widget_type=\"google_maps.default\">\n\t\t\t\t<div class=\"elementor-widget-container\">\n\t\t\t\t\t\t\t<div class=\"elementor-custom-embed\">\n\t\t\t<iframe loading=\"lazy\"\n\t\t\t\t\tsrc=\"https:\/\/maps.google.com\/maps?q=Rua%20Emiliano%20Perneta%2030%20-%20Centro%2C%20Curitiba%20-%20PR&#038;t=m&#038;z=10&#038;output=embed&#038;iwloc=near\"\n\t\t\t\t\ttitle=\"Rua Emiliano Perneta 30 - Centro, Curitiba - PR\"\n\t\t\t\t\taria-label=\"Rua Emiliano Perneta 30 - Centro, Curitiba - PR\"\n\t\t\t><\/iframe>\n\t\t<\/div>\n\t\t\t\t\t\t<\/div>\n\t\t\t\t<\/div>\n\t\t\t\t\t<\/div>\n\t\t<\/div>\n\t\t\t\t\t<\/div>\n\t\t<\/section>\n\t\t\t\t<\/div>\n\t\t","protected":false},"excerpt":{"rendered":"<p>Loja do Bom Dia Astral Em nossa Loja f\u00edsica voc\u00ea encontra produtos de beleza com a marca Dirce Alves, presentes, artigos religiosos e para sua<\/p>\n","protected":false},"author":1,"featured_media":0,"parent":0,"menu_order":0,"comment_status":"closed","ping_status":"closed","template":"elementor_header_footer","meta":{"_joinchat":[],"footnotes":""},"class_list":["post-24","page","type-page","status-publish","hentry"],"_links":{"self":[{"href":"https:\/\/www.dircealves.com.br\/da\/wp-json\/wp\/v2\/pages\/24","targetHints":{"allow":["GET"]}}],"collection":[{"href":"https:\/\/www.dircealves.com.br\/da\/wp-json\/wp\/v2\/pages"}],"about":[{"href":"https:\/\/www.dircealves.com.br\/da\/wp-json\/wp\/v2\/types\/page"}],"author":[{"embeddable":true,"href":"https:\/\/www.dircealves.com.br\/da\/wp-json\/wp\/v2\/users\/1"}],"replies":[{"embeddable":true,"href":"https:\/\/www.dircealves.com.br\/da\/wp-json\/wp\/v2\/comments?post=24"}],"version-history":[{"count":0,"href":"https:\/\/www.dircealves.com.br\/da\/wp-json\/wp\/v2\/pages\/24\/revisions"}],"wp:attachment":[{"href":"https:\/\/www.dircealves.com.br\/da\/wp-json\/wp\/v2\/media?parent=24"}],"curies":[{"name":"wp","href":"https:\/\/api.w.org\/{rel}","templated":true}]}}