
{"id":20,"date":"2019-07-02T18:10:30","date_gmt":"2019-07-02T21:10:30","guid":{"rendered":"http:\/\/axilthemes.com\/themes\/axilnews\/?page_id=20"},"modified":"2026-04-07T20:23:10","modified_gmt":"2026-04-07T23:23:10","slug":"sobre-nos","status":"publish","type":"page","link":"https:\/\/www.dircealves.com.br\/da\/sobre-nos\/","title":{"rendered":"Sobre n\u00f3s"},"content":{"rendered":"\t\t<div data-elementor-type=\"wp-post\" data-elementor-id=\"20\" class=\"elementor elementor-20\" data-elementor-post-type=\"page\">\n\t\t\t\t\t\t<section class=\"elementor-section elementor-top-section elementor-element elementor-element-aec4a64 elementor-section-boxed elementor-section-height-default elementor-section-height-default\" data-id=\"aec4a64\" data-element_type=\"section\" data-e-type=\"section\">\n\t\t\t\t\t\t<div class=\"elementor-container elementor-column-gap-extended\">\n\t\t\t\t\t<div class=\"elementor-column elementor-col-100 elementor-top-column elementor-element elementor-element-186b742\" data-id=\"186b742\" data-element_type=\"column\" data-e-type=\"column\">\n\t\t\t<div class=\"elementor-widget-wrap elementor-element-populated\">\n\t\t\t\t\t\t<div class=\"elementor-element elementor-element-4d164f9 elementor-widget elementor-widget-spacer\" data-id=\"4d164f9\" data-element_type=\"widget\" data-e-type=\"widget\" data-widget_type=\"spacer.default\">\n\t\t\t\t<div class=\"elementor-widget-container\">\n\t\t\t\t\t\t\t<div class=\"elementor-spacer\">\n\t\t\t<div class=\"elementor-spacer-inner\"><\/div>\n\t\t<\/div>\n\t\t\t\t\t\t<\/div>\n\t\t\t\t<\/div>\n\t\t\t\t<div class=\"elementor-element elementor-element-52f3b9c elementor-widget elementor-widget-image\" data-id=\"52f3b9c\" data-element_type=\"widget\" data-e-type=\"widget\" data-widget_type=\"image.default\">\n\t\t\t\t<div class=\"elementor-widget-container\">\n\t\t\t\t\t\t\t\t\t\t\t\t\t\t\t<img fetchpriority=\"high\" decoding=\"async\" width=\"850\" height=\"566\" src=\"https:\/\/www.dircealves.com.br\/da\/wp-content\/uploads\/2022\/03\/dircealves.jpg\" class=\"attachment-full size-full wp-image-2710\" alt=\"\" srcset=\"https:\/\/www.dircealves.com.br\/da\/wp-content\/uploads\/2022\/03\/dircealves.jpg 850w, https:\/\/www.dircealves.com.br\/da\/wp-content\/uploads\/2022\/03\/dircealves-300x200.jpg 300w, https:\/\/www.dircealves.com.br\/da\/wp-content\/uploads\/2022\/03\/dircealves-768x511.jpg 768w\" sizes=\"(max-width: 850px) 100vw, 850px\" \/>\t\t\t\t\t\t\t\t\t\t\t\t\t\t\t<\/div>\n\t\t\t\t<\/div>\n\t\t\t\t\t<\/div>\n\t\t<\/div>\n\t\t\t\t\t<\/div>\n\t\t<\/section>\n\t\t\t\t<section class=\"elementor-section elementor-top-section elementor-element elementor-element-5fa80ea elementor-section-boxed elementor-section-height-default elementor-section-height-default\" data-id=\"5fa80ea\" data-element_type=\"section\" data-e-type=\"section\">\n\t\t\t\t\t\t<div class=\"elementor-container elementor-column-gap-extended\">\n\t\t\t\t\t<div class=\"elementor-column elementor-col-66 elementor-top-column elementor-element elementor-element-28902b8\" data-id=\"28902b8\" data-element_type=\"column\" data-e-type=\"column\">\n\t\t\t<div class=\"elementor-widget-wrap elementor-element-populated\">\n\t\t\t\t\t\t<div class=\"elementor-element elementor-element-4c3b1ca elementor-widget elementor-widget-text-editor\" data-id=\"4c3b1ca\" data-element_type=\"widget\" data-e-type=\"widget\" data-widget_type=\"text-editor.default\">\n\t\t\t\t<div class=\"elementor-widget-container\">\n\t\t\t\t\t\t\t\t\t<h2>Bom Dia Astral<\/h2><div><a href=\"http:\/\/www.dircealves.com.br\/\"><strong>Dirce Alves<\/strong><\/a>, jornalista e radialista profissional. Nasceu no bairro Bom Retiro, em S\u00e3o Paulo. Filha de pai Lituano e m\u00e3e Russa, com ela aprendeu os primeiros passos da ci\u00eancia astrol\u00f3gica e da arte da cabala.<\/div><div>O jornalismo aconteceu muito cedo em sua vida, come\u00e7ou escrevendo em jornais do Rio de Janeiro, com a mudan\u00e7a para Curitiba, \u00a0trabalhou no Di\u00e1rio do Paran\u00e1, Correio de Not\u00edcias, Curitiba Shopping e desde 1989 escreve a coluna \u201cBom Dia Astral\u201d para os jornais Tribuna do Paran\u00e1 e no Paran\u00e1 Online.<\/div><div>\u00a0<\/div><div>\u00a0<\/div><div>O r\u00e1dio foi uma consequ\u00eancia natural na vida profissional de <a href=\"http:\/\/www.dircealves.com.br\/\"><strong>Dirce Alves<\/strong><\/a>, a convite de Bayard Osna, diretor da R\u00e1dio Cidade, come\u00e7ou fazendo uma participa\u00e7\u00e3o no programa Cidade Mulher, na R\u00e1dio Cidade, posteriormente, ganhou seu pr\u00f3prio espa\u00e7o naquela emissora, atingindo altos \u00edndices de audi\u00eancia.<\/div><div>Ingressou na R\u00e1dio Universo, depois passou pela R\u00e1dio Clube Paranaense, R\u00e1dio Atalaia, R\u00e1dio Cidade, R\u00e1dio Capital e a partir de abril de 1989, apresentou o programa \u201c<a href=\"http:\/\/www.dircealves.com.br\/index.php\/component\/k2\/item\/37-bom-dia-astral\"><strong>Bom Dia Astral<\/strong><\/a>\u201d na R\u00e1dio Colombo do Paran\u00e1, em dezembro de 2009 desligou-se da emissora.<\/div><div>\u00a0<\/div><div>Ingressou no dia 1\u00ba de janeiro de 2010 na R\u00e1dio Continental \u00a0AM 1270, onde apresentou o programa \u00a0Bom Dia Astral, at\u00e9 abril de 2013.<\/div><div>De outubro de 2010 e por 3 anos apresentou o Astral 98, na FM98, das 7h \u00e0s 8h. Ambas emissoras pertencentes ao Grupo RPC do Paran\u00e1.<\/div><div><p>Em 25 de abril de 2013, Dirce Alves passou a apresentar o programa \u201c<a href=\"http:\/\/www.dircealves.com.br\/index.php\/component\/k2\/item\/37-bom-dia-astral\"><strong>Bom Dia Astral<\/strong><\/a>\u201d, de segunda a sexta-feira, das 8h \u00e0s 10h na R\u00e1dio Barigui \u00a0Am 1560.<\/p><div>E atualmente se encontra na <strong>R\u00e1dio Cultura AM 930 das 08h as 09h- segunda a sexta-feira<\/strong> apresentar o programa \u201c<a href=\"http:\/\/www.dircealves.com.br\/index.php\/component\/k2\/item\/37-bom-dia-astral\"><strong>Bom Dia Astral<\/strong><\/a>\u201d .O programa conta com a participa\u00e7\u00e3o especial do jornalista <strong>Frank Alves<\/strong>, da advogada <strong>Cheywa Gabriella Alves J.S<\/strong>, e do advogado \u00a0<strong>Eduardo \u00a0Motiejaus Alves J.S.<\/strong><\/div><\/div><div>\u00a0<\/div><div>\u00c9 s\u00f3cia propriet\u00e1ria da Empresa <a href=\"http:\/\/www.dircealves.com.br\/index.php\/component\/k2\/item\/37-bom-dia-astral\"><strong>BOM DIA ASTRAL<\/strong><\/a> \u2013 Editora, Distribuidora e Produtora Ltda.<\/div><div>\u00c9 s\u00f3cia da \u00a0<a href=\"http:\/\/www.dircealves.com.br\/index.php\/component\/k2\/item\/37-bom-dia-astral\"><strong>BOM DIA ASTRAL<\/strong><\/a> \u2013 Com\u00e9rcio de Artigos Esot\u00e9ricos Ltda.<\/div><div>\u00c9 jornalista respons\u00e1vel do jornal <strong>CORREIO CURITIBANO<\/strong>.<\/div><div>Publica anualmente o Almanaque Bom Dia Astral \u2013 <a href=\"http:\/\/www.dircealves.com.br\/\"><strong>Dirce Alves<\/strong><\/a>.<\/div>\t\t\t\t\t\t\t\t<\/div>\n\t\t\t\t<\/div>\n\t\t\t\t\t<\/div>\n\t\t<\/div>\n\t\t\t\t<div class=\"elementor-column elementor-col-33 elementor-top-column elementor-element elementor-element-23e7b12\" data-id=\"23e7b12\" data-element_type=\"column\" data-e-type=\"column\">\n\t\t\t<div class=\"elementor-widget-wrap elementor-element-populated\">\n\t\t\t\t\t\t\t<\/div>\n\t\t<\/div>\n\t\t\t\t\t<\/div>\n\t\t<\/section>\n\t\t<div class=\"elementor-element elementor-element-8e82fb6 e-flex e-con-boxed e-con e-parent\" data-id=\"8e82fb6\" data-element_type=\"container\" data-e-type=\"container\" data-settings=\"{&quot;shape_divider_top&quot;:&quot;clouds&quot;}\">\n\t\t\t\t\t<div class=\"e-con-inner\">\n\t\t\t\t<div class=\"elementor-shape elementor-shape-top\" aria-hidden=\"true\" data-negative=\"false\">\n\t\t\t<svg xmlns=\"http:\/\/www.w3.org\/2000\/svg\" viewBox=\"0 0 283.5 27.8\" preserveAspectRatio=\"xMidYMax slice\">\n  <path class=\"elementor-shape-fill\" d=\"M0 0v6.7c1.9-.8 4.7-1.4 8.5-1 9.5 1.1 11.1 6 11.1 6s2.1-.7 4.3-.2c2.1.5 2.8 2.6 2.8 2.6s.2-.5 1.4-.7c1.2-.2 1.7.2 1.7.2s0-2.1 1.9-2.8c1.9-.7 3.6.7 3.6.7s.7-2.9 3.1-4.1 4.7 0 4.7 0 1.2-.5 2.4 0 1.7 1.4 1.7 1.4h1.4c.7 0 1.2.7 1.2.7s.8-1.8 4-2.2c3.5-.4 5.3 2.4 6.2 4.4.4-.4 1-.7 1.8-.9 2.8-.7 4 .7 4 .7s1.7-5 11.1-6c9.5-1.1 12.3 3.9 12.3 3.9s1.2-4.8 5.7-5.7c4.5-.9 6.8 1.8 6.8 1.8s.6-.6 1.5-.9c.9-.2 1.9-.2 1.9-.2s5.2-6.4 12.6-3.3c7.3 3.1 4.7 9 4.7 9s1.9-.9 4 0 2.8 2.4 2.8 2.4 1.9-1.2 4.5-1.2 4.3 1.2 4.3 1.2.2-1 1.4-1.7 2.1-.7 2.1-.7-.5-3.1 2.1-5.5 5.7-1.4 5.7-1.4 1.5-2.3 4.2-1.1c2.7 1.2 1.7 5.2 1.7 5.2s.3-.1 1.3.5c.5.4.8.8.9 1.1.5-1.4 2.4-5.8 8.4-4 7.1 2.1 3.5 8.9 3.5 8.9s.8-.4 2 0 1.1 1.1 1.1 1.1 1.1-1.1 2.3-1.1 2.1.5 2.1.5 1.9-3.6 6.2-1.2 1.9 6.4 1.9 6.4 2.6-2.4 7.4 0c3.4 1.7 3.9 4.9 3.9 4.9s3.3-6.9 10.4-7.9 11.5 2.6 11.5 2.6.8 0 1.2.2c.4.2.9.9.9.9s4.4-3.1 8.3.2c1.9 1.7 1.5 5 1.5 5s.3-1.1 1.6-1.4c1.3-.3 2.3.2 2.3.2s-.1-1.2.5-1.9 1.9-.9 1.9-.9-4.7-9.3 4.4-13.4c5.6-2.5 9.2.9 9.2.9s5-6.2 15.9-6.2 16.1 8.1 16.1 8.1.7-.2 1.6-.4V0H0z\"\/>\n<\/svg>\n\t\t<\/div>\n\t\t\t\t<div class=\"elementor-element elementor-element-ca86c26 elementor-widget elementor-widget-heading\" data-id=\"ca86c26\" data-element_type=\"widget\" data-e-type=\"widget\" data-widget_type=\"heading.default\">\n\t\t\t\t<div class=\"elementor-widget-container\">\n\t\t\t\t\t<h5 class=\"elementor-heading-title elementor-size-default\"><a href=\"https:\/\/www.dircealves.com.br\/da\/2026\/04\/07\/dirce-alves-titulo-de-cidada-honoraria-do-estado-do-parana\/\">Dirce Alves -T\u00edtulo de Cidad\u00e3 Honor\u00e1ria do Estado do Paran\u00e1<\/a><\/h5>\t\t\t\t<\/div>\n\t\t\t\t<\/div>\n\t\t\t\t\t<\/div>\n\t\t\t\t<\/div>\n\t\t\t\t<\/div>\n\t\t","protected":false},"excerpt":{"rendered":"<p>Bom Dia Astral Dirce Alves, jornalista e radialista profissional. Nasceu no bairro Bom Retiro, em S\u00e3o Paulo. Filha de pai Lituano e m\u00e3e Russa, com<\/p>\n","protected":false},"author":1,"featured_media":0,"parent":0,"menu_order":0,"comment_status":"closed","ping_status":"closed","template":"elementor_header_footer","meta":{"_joinchat":[],"footnotes":""},"class_list":["post-20","page","type-page","status-publish","hentry"],"_links":{"self":[{"href":"https:\/\/www.dircealves.com.br\/da\/wp-json\/wp\/v2\/pages\/20","targetHints":{"allow":["GET"]}}],"collection":[{"href":"https:\/\/www.dircealves.com.br\/da\/wp-json\/wp\/v2\/pages"}],"about":[{"href":"https:\/\/www.dircealves.com.br\/da\/wp-json\/wp\/v2\/types\/page"}],"author":[{"embeddable":true,"href":"https:\/\/www.dircealves.com.br\/da\/wp-json\/wp\/v2\/users\/1"}],"replies":[{"embeddable":true,"href":"https:\/\/www.dircealves.com.br\/da\/wp-json\/wp\/v2\/comments?post=20"}],"version-history":[{"count":10,"href":"https:\/\/www.dircealves.com.br\/da\/wp-json\/wp\/v2\/pages\/20\/revisions"}],"predecessor-version":[{"id":5921,"href":"https:\/\/www.dircealves.com.br\/da\/wp-json\/wp\/v2\/pages\/20\/revisions\/5921"}],"wp:attachment":[{"href":"https:\/\/www.dircealves.com.br\/da\/wp-json\/wp\/v2\/media?parent=20"}],"curies":[{"name":"wp","href":"https:\/\/api.w.org\/{rel}","templated":true}]}}